{"id":997,"date":"2024-05-01T03:27:38","date_gmt":"2024-05-01T07:27:38","guid":{"rendered":"https:\/\/marketing.ventacibao.com\/?post_type=product&#038;p=997"},"modified":"2024-05-01T03:30:58","modified_gmt":"2024-05-01T07:30:58","slug":"carrito-de-compra-550","status":"publish","type":"product","link":"https:\/\/marketing.ventacibao.com\/index.php\/product\/carrito-de-compra-550\/","title":{"rendered":"Carrito de Compra \u2013 550"},"content":{"rendered":"<p>Esto es para la instalaci\u00f3n de una base de datos de carrito de compras para su sitio web. Este es un servicio adicional<\/p>\n<p>tarifa de instalaci\u00f3n 100 art\u00edculos Comerciante de JST por Paypal Comerciante de Paypal 100 im\u00e1genes proporcionadas por el cliente 100 descripciones<\/p>\n","protected":false},"excerpt":{"rendered":"<h2 class=\"wp-block-heading\">Carrito de Compra \u2013 550<\/h2>\n","protected":false},"featured_media":993,"comment_status":"open","ping_status":"closed","template":"","meta":{"om_disable_all_campaigns":false,"_mi_skip_tracking":false},"product_cat":[227],"product_tag":[],"aioseo_notices":[],"_links":{"self":[{"href":"https:\/\/marketing.ventacibao.com\/index.php\/wp-json\/wp\/v2\/product\/997"}],"collection":[{"href":"https:\/\/marketing.ventacibao.com\/index.php\/wp-json\/wp\/v2\/product"}],"about":[{"href":"https:\/\/marketing.ventacibao.com\/index.php\/wp-json\/wp\/v2\/types\/product"}],"replies":[{"embeddable":true,"href":"https:\/\/marketing.ventacibao.com\/index.php\/wp-json\/wp\/v2\/comments?post=997"}],"wp:featuredmedia":[{"embeddable":true,"href":"https:\/\/marketing.ventacibao.com\/index.php\/wp-json\/wp\/v2\/media\/993"}],"wp:attachment":[{"href":"https:\/\/marketing.ventacibao.com\/index.php\/wp-json\/wp\/v2\/media?parent=997"}],"wp:term":[{"taxonomy":"product_cat","embeddable":true,"href":"https:\/\/marketing.ventacibao.com\/index.php\/wp-json\/wp\/v2\/product_cat?post=997"},{"taxonomy":"product_tag","embeddable":true,"href":"https:\/\/marketing.ventacibao.com\/index.php\/wp-json\/wp\/v2\/product_tag?post=997"}],"curies":[{"name":"wp","href":"https:\/\/api.w.org\/{rel}","templated":true}]}}