{"id":995,"date":"2024-05-01T03:09:29","date_gmt":"2024-05-01T07:09:29","guid":{"rendered":"https:\/\/marketing.ventacibao.com\/?post_type=product&#038;p=995"},"modified":"2024-05-01T03:13:34","modified_gmt":"2024-05-01T07:13:34","slug":"carrito-de-compra-149","status":"publish","type":"product","link":"https:\/\/marketing.ventacibao.com\/index.php\/product\/carrito-de-compra-149\/","title":{"rendered":"Carrito de Compra \u2013 149"},"content":{"rendered":"<p>Esto es para la instalaci\u00f3n de una base de datos de carrito de compras para su sitio web. Este es un servicio adicional<\/p>\n<p>tarifa de instalaci\u00f3n 60 art\u00edculos Comerciante de JST por Paypal Comerciante de Paypal 60 im\u00e1genes proporcionadas por el cliente 60 Descripciones<\/p>\n","protected":false},"excerpt":{"rendered":"<p>Carrito de Compra \u2013 149<\/p>\n","protected":false},"featured_media":991,"comment_status":"open","ping_status":"closed","template":"","meta":{"om_disable_all_campaigns":false,"_mi_skip_tracking":false},"product_cat":[227],"product_tag":[],"aioseo_notices":[],"_links":{"self":[{"href":"https:\/\/marketing.ventacibao.com\/index.php\/wp-json\/wp\/v2\/product\/995"}],"collection":[{"href":"https:\/\/marketing.ventacibao.com\/index.php\/wp-json\/wp\/v2\/product"}],"about":[{"href":"https:\/\/marketing.ventacibao.com\/index.php\/wp-json\/wp\/v2\/types\/product"}],"replies":[{"embeddable":true,"href":"https:\/\/marketing.ventacibao.com\/index.php\/wp-json\/wp\/v2\/comments?post=995"}],"wp:featuredmedia":[{"embeddable":true,"href":"https:\/\/marketing.ventacibao.com\/index.php\/wp-json\/wp\/v2\/media\/991"}],"wp:attachment":[{"href":"https:\/\/marketing.ventacibao.com\/index.php\/wp-json\/wp\/v2\/media?parent=995"}],"wp:term":[{"taxonomy":"product_cat","embeddable":true,"href":"https:\/\/marketing.ventacibao.com\/index.php\/wp-json\/wp\/v2\/product_cat?post=995"},{"taxonomy":"product_tag","embeddable":true,"href":"https:\/\/marketing.ventacibao.com\/index.php\/wp-json\/wp\/v2\/product_tag?post=995"}],"curies":[{"name":"wp","href":"https:\/\/api.w.org\/{rel}","templated":true}]}}