{"id":98,"date":"2024-02-13T06:02:40","date_gmt":"2024-02-13T10:02:40","guid":{"rendered":"https:\/\/marketing.ventacibao.com\/?post_type=product&#038;p=98"},"modified":"2024-02-20T18:05:26","modified_gmt":"2024-02-20T22:05:26","slug":"marketing-para-likes-en-la-plataforma-de-youtube-objetivo-en-la-cantidad-de-15000-me-gusta","status":"publish","type":"product","link":"https:\/\/marketing.ventacibao.com\/index.php\/product\/marketing-para-likes-en-la-plataforma-de-youtube-objetivo-en-la-cantidad-de-15000-me-gusta\/","title":{"rendered":"Marketing Para Likes en la plataforma de YouTube: Objetivo en la cantidad de 15,000 me gusta (Likes)"},"content":{"rendered":"<h4><span style=\"color: #ff0000;\"><strong>Objetivo en la cantidad de 15,000 me gusta (Likes)<\/strong><\/span><\/h4>\n<p><span style=\"color: #000000;\"><strong>\u00a1Maximiza tu contenido! Consigue, ME GUSTA (LIKES)\u00a0 en tus v\u00eddeos de YouTube, y descubre c\u00f3mo tus creaciones pueden volverse irresistibles, d\u00e1ndote credibilidad mediante vistas mirando tu contenido y la cantidad de ME GUSTA (LIKES) que ha recibido tu v\u00eddeo(s), en un tiempo r\u00e9cord real. Podr\u00eda ayudarte a que tu video(s) de tu canal se vuelva viral. Es como el viejo dicho: la primera impresi\u00f3n lo es todo en el juego de las redes sociales. Nos es bueno que tus espectadores sientan que son los \u00fanicos que ven. Si no a cambio cuando un espectador vez que un video tiene muchos likes. Esto le da m\u00e1s confianza de que el video que est\u00e1 a punto de darle clic es de buen contenido. Y el deseo de ver el video aumenta. \u00bfTiene sentido para usted lo que hablo?<\/strong><\/span><\/p>\n<p><span style=\"color: #000000;\"><strong>\u00bfEst\u00e1s listo para ver tus videos llenarse de ME GUSTA (LIKES) y tu canal despegar hacia el \u00e9xito? \u00a1No esperes m\u00e1s, empieza a conquistar YouTube ahora mismo! Con el equipo de marketing m\u00e1s duro que hay en las plataformas de redes sociales. Para m\u00e1s informaci\u00f3n revise nuestro PMF\u2019s (FAQ\u2019s).\u00a0 \u00a0 Nosotros tenemos cientos de miles de miembros de redes sociales que ayudan a los canales que necesitan apoyo para crecer. Y cuando usted usa nuestros servicios de marketing online nosotros nos encargamos de pedir el apoyo de la multitud de influencers y espectadores.\u00a0<\/strong><\/span><\/p>\n<p><span style=\"color: #000000;\"><strong>El trabajo de nosotros es seguir arriba de ellos, hasta que se cumpla el proyecto de usted. No importa lo peque\u00f1a o grande que sea su necesidad. Y entregamos todos los proyectos un cien por ciento de todas las necesidades de nuestro cliente.<\/strong><\/span><\/p>\n<h4><span style=\"color: #ff0000;\"><strong>Esta informaci\u00f3n es extremadamente importante y debe leerla: Al finalizar la compra, en el \u00e1rea donde puede escribir una NOTA! Para nosotros, copie y pegue el enlace URL del video en el que le gustar\u00eda recibir nuestros servicios de marketing.<\/strong><\/span><\/h4>\n<p><span style=\"color: #ff0000;\"><strong>Ejemplo 1: https:\/\/www.youtube.com\/watch?v=zDL1pbyfoIA<\/strong><\/span><br \/>\n<span style=\"color: #ff0000;\"><strong>URL de un v\u00eddeo normal<\/strong><\/span><br \/>\n<span style=\"color: #ff0000;\"><strong>Ejemplo 2: https:\/\/www.youtube.com\/shorts\/UyLefOs-dts<\/strong><\/span><br \/>\n<span style=\"color: #ff0000;\"><strong>URL de un v\u00eddeo corto<\/strong><\/span><\/p>\n","protected":false},"excerpt":{"rendered":"<h4><span style=\"color: #ff0000;\"><strong>Objetivo en la cantidad de 15,000 me gusta (Likes)<\/strong><\/span><\/h4>\n<p><span style=\"color: #000000;\"><strong>\u00a1Maximiza tu contenido! Consigue, ME GUSTA (LIKES)\u00a0 en tus v\u00eddeos de YouTube, y descubre c\u00f3mo tus creaciones pueden volverse irresistibles, d\u00e1ndote credibilidad mediante vistas mirando tu contenido y la cantidad de ME GUSTA (LIKES) que ha recibido tu v\u00eddeo(s), en un tiempo r\u00e9cord real. Podr\u00eda ayudarte a que tu video(s) de tu canal se vuelva viral. Es como el viejo dicho: la primera impresi\u00f3n lo es todo en el juego de las redes sociales.<\/strong><\/span><\/p>\n<h4><span style=\"color: #ff0000;\"><strong>Velocidad de Entrega: 5,001 a 20,000 Likes dentro de 1 a 10 d\u00edas<\/strong><\/span><\/h4>\n<h3><span style=\"color: #ff0000;\"><strong>Esta gran oferta termina pronto! No se lo pierda! Contactanos Ahora mismo!<\/strong><\/span><\/h3>\n","protected":false},"featured_media":88,"comment_status":"open","ping_status":"closed","template":"","meta":{"om_disable_all_campaigns":false,"_mi_skip_tracking":false},"product_cat":[15,31,199],"product_tag":[86,91,89,96,98,87,90,92,93,84,95,85,88,97,94,99,100],"aioseo_notices":[],"_links":{"self":[{"href":"https:\/\/marketing.ventacibao.com\/index.php\/wp-json\/wp\/v2\/product\/98"}],"collection":[{"href":"https:\/\/marketing.ventacibao.com\/index.php\/wp-json\/wp\/v2\/product"}],"about":[{"href":"https:\/\/marketing.ventacibao.com\/index.php\/wp-json\/wp\/v2\/types\/product"}],"replies":[{"embeddable":true,"href":"https:\/\/marketing.ventacibao.com\/index.php\/wp-json\/wp\/v2\/comments?post=98"}],"wp:featuredmedia":[{"embeddable":true,"href":"https:\/\/marketing.ventacibao.com\/index.php\/wp-json\/wp\/v2\/media\/88"}],"wp:attachment":[{"href":"https:\/\/marketing.ventacibao.com\/index.php\/wp-json\/wp\/v2\/media?parent=98"}],"wp:term":[{"taxonomy":"product_cat","embeddable":true,"href":"https:\/\/marketing.ventacibao.com\/index.php\/wp-json\/wp\/v2\/product_cat?post=98"},{"taxonomy":"product_tag","embeddable":true,"href":"https:\/\/marketing.ventacibao.com\/index.php\/wp-json\/wp\/v2\/product_tag?post=98"}],"curies":[{"name":"wp","href":"https:\/\/api.w.org\/{rel}","templated":true}]}}