{"id":972,"date":"2024-04-29T12:25:26","date_gmt":"2024-04-29T16:25:26","guid":{"rendered":"https:\/\/marketing.ventacibao.com\/?post_type=product&#038;p=972"},"modified":"2024-04-29T13:01:52","modified_gmt":"2024-04-29T17:01:52","slug":"jstpowerplayer-master-nivel-3","status":"publish","type":"product","link":"https:\/\/marketing.ventacibao.com\/index.php\/product\/jstpowerplayer-master-nivel-3\/","title":{"rendered":"JSTpowerplayer Master Nivel 3"},"content":{"rendered":"<p><\/p>\r\n<ul>\r\n<li><strong>Incluye<\/strong> lo siguientes<\/li>\r\n\r\n\r\n\r\n<li><strong> Controlamos su tr\u00e1fico web y le proporcionamos un informe mensual. Respondemos 1000 correos electr\u00f3nicos entrantes por mes. Creamos 5 anuncios de video por mes. 3 Video tutorial sobre cualquier contenido nuevo desarrollado en su sitio (si es necesario) 2 Video de capacitaci\u00f3n del personal sobre cualquier contenido nuevo desarrollado en su sitio web. Anuncio de generaci\u00f3n de leads en la plataforma de Google con una tasa del 8% sobre ventas s\u00f3lidas de leads (cada venta generada por nuestros anuncios) Acceso a nuestra plataforma de call center por solo $9usd por hora por agente. Qui\u00e9n proporcionar\u00e1 videollamadas en vivo, voz, mensajes de texto o contacto por correo electr\u00f3nico con su base de clientes. Se trata de un ahorro de miles de d\u00f3lares al a\u00f1o en gastos para su negocio. Sin impuestos a los empleados para que usted iguale, sin gastos m\u00e9dicos, sin instalaciones f\u00edsicas, sin cargos de alquiler, etc. Si su negocio est\u00e1 ubicado en la Rep\u00fablica Dominicana por favor cont\u00e1ctenos para un presupuesto personalizado.<\/strong><\/li>\r\n<\/ul>\r\n<p><\/p>","protected":false},"excerpt":{"rendered":"<p>JSTpowerplayer Master Nivel 3<\/p>\n","protected":false},"featured_media":962,"comment_status":"open","ping_status":"closed","template":"","meta":{"om_disable_all_campaigns":false,"_mi_skip_tracking":false},"product_cat":[225,226,224,223],"product_tag":[],"aioseo_notices":[],"_links":{"self":[{"href":"https:\/\/marketing.ventacibao.com\/index.php\/wp-json\/wp\/v2\/product\/972"}],"collection":[{"href":"https:\/\/marketing.ventacibao.com\/index.php\/wp-json\/wp\/v2\/product"}],"about":[{"href":"https:\/\/marketing.ventacibao.com\/index.php\/wp-json\/wp\/v2\/types\/product"}],"replies":[{"embeddable":true,"href":"https:\/\/marketing.ventacibao.com\/index.php\/wp-json\/wp\/v2\/comments?post=972"}],"wp:featuredmedia":[{"embeddable":true,"href":"https:\/\/marketing.ventacibao.com\/index.php\/wp-json\/wp\/v2\/media\/962"}],"wp:attachment":[{"href":"https:\/\/marketing.ventacibao.com\/index.php\/wp-json\/wp\/v2\/media?parent=972"}],"wp:term":[{"taxonomy":"product_cat","embeddable":true,"href":"https:\/\/marketing.ventacibao.com\/index.php\/wp-json\/wp\/v2\/product_cat?post=972"},{"taxonomy":"product_tag","embeddable":true,"href":"https:\/\/marketing.ventacibao.com\/index.php\/wp-json\/wp\/v2\/product_tag?post=972"}],"curies":[{"name":"wp","href":"https:\/\/api.w.org\/{rel}","templated":true}]}}