{"id":959,"date":"2024-04-29T02:13:40","date_gmt":"2024-04-29T06:13:40","guid":{"rendered":"https:\/\/marketing.ventacibao.com\/?post_type=product&#038;p=959"},"modified":"2024-04-29T02:34:19","modified_gmt":"2024-04-29T06:34:19","slug":"deluxe","status":"publish","type":"product","link":"https:\/\/marketing.ventacibao.com\/index.php\/product\/deluxe\/","title":{"rendered":"Deluxe"},"content":{"rendered":"<ul role=\"list\">\n<li role=\"listitem\"><strong>Sitio web<\/strong> WP de 20 p\u00e1ginas<\/li>\n<li role=\"listitem\"><strong>Tres Cuenta de correo electr\u00f3nico b\u00e1sica<\/strong> &#8220;recomendada por JSTsmtp&#8221; Respaldada por google<\/li>\n<li role=\"listitem\"><strong>SSL<\/strong> gratis durante el primer a\u00f1o * (renovable) al precio actual.<\/li>\n<li role=\"listitem\"><strong>Quince revisiones<\/strong> de \u00bc de p\u00e1gina por mes, incluidas.<\/li>\n<li role=\"listitem\"><strong> Dos video<\/strong> de introducci\u00f3n.<\/li>\n<li role=\"listitem\"><strong> 60<\/strong> im\u00e1genes<\/li>\n<li role=\"listitem\"><strong> 40GB<\/strong> de almacenamiento<\/li>\n<li role=\"listitem\"><strong> 300,000<\/strong> visitantes mensuales<\/li>\n<li role=\"listitem\"><strong> Cinco sub dominio<\/strong> adicional<\/li>\n<li role=\"listitem\"><strong> Dominio gratuito<\/strong> incluido patrocinado por JST durante el primer a\u00f1o. Renovaciones cada a\u00f1o a $19.99usd por a\u00f1o para .Com otras extensiones de variedad al precio actual.<\/li>\n<\/ul>\n","protected":false},"excerpt":{"rendered":"<p>Sitio web WP de 20 p\u00e1ginas<\/p>\n","protected":false},"featured_media":958,"comment_status":"open","ping_status":"closed","template":"","meta":{"om_disable_all_campaigns":false,"_mi_skip_tracking":false},"product_cat":[226,222],"product_tag":[],"aioseo_notices":[],"_links":{"self":[{"href":"https:\/\/marketing.ventacibao.com\/index.php\/wp-json\/wp\/v2\/product\/959"}],"collection":[{"href":"https:\/\/marketing.ventacibao.com\/index.php\/wp-json\/wp\/v2\/product"}],"about":[{"href":"https:\/\/marketing.ventacibao.com\/index.php\/wp-json\/wp\/v2\/types\/product"}],"replies":[{"embeddable":true,"href":"https:\/\/marketing.ventacibao.com\/index.php\/wp-json\/wp\/v2\/comments?post=959"}],"wp:featuredmedia":[{"embeddable":true,"href":"https:\/\/marketing.ventacibao.com\/index.php\/wp-json\/wp\/v2\/media\/958"}],"wp:attachment":[{"href":"https:\/\/marketing.ventacibao.com\/index.php\/wp-json\/wp\/v2\/media?parent=959"}],"wp:term":[{"taxonomy":"product_cat","embeddable":true,"href":"https:\/\/marketing.ventacibao.com\/index.php\/wp-json\/wp\/v2\/product_cat?post=959"},{"taxonomy":"product_tag","embeddable":true,"href":"https:\/\/marketing.ventacibao.com\/index.php\/wp-json\/wp\/v2\/product_tag?post=959"}],"curies":[{"name":"wp","href":"https:\/\/api.w.org\/{rel}","templated":true}]}}