{"id":957,"date":"2024-04-29T01:53:07","date_gmt":"2024-04-29T05:53:07","guid":{"rendered":"https:\/\/marketing.ventacibao.com\/?post_type=product&#038;p=957"},"modified":"2024-04-29T01:58:32","modified_gmt":"2024-04-29T05:58:32","slug":"avanzado","status":"publish","type":"product","link":"https:\/\/marketing.ventacibao.com\/index.php\/product\/avanzado\/","title":{"rendered":"Avanzado"},"content":{"rendered":"<ul role=\"list\">\n<li role=\"listitem\"><strong>Sitio web<\/strong>\u00a0WP de 11 p\u00e1ginas<\/li>\n<li role=\"listitem\"><strong>Tres Cuenta de correo electr\u00f3nico b\u00e1sica<\/strong>\u00a0\u201crecomendada por JSTsmtp\u201d Respaldada por google<\/li>\n<li role=\"listitem\"><strong>SSL<\/strong>\u00a0gratis durante el primer a\u00f1o * (renovable) al precio actual.<\/li>\n<li role=\"listitem\"><strong>Diez revisiones<\/strong>\u00a0de \u00bc de p\u00e1gina por mes, incluidas.<\/li>\n<li role=\"listitem\"><strong>Un video<\/strong>\u00a0de introducci\u00f3n.<\/li>\n<li role=\"listitem\"><strong>45<\/strong>\u00a0im\u00e1genes<\/li>\n<li role=\"listitem\"><strong>15GB<\/strong>\u00a0de almacenamiento<\/li>\n<li role=\"listitem\"><strong>100,000<\/strong>\u00a0visitantes mensuales<\/li>\n<li role=\"listitem\"><strong>Un sub dominio<\/strong>\u00a0adicional<\/li>\n<li role=\"listitem\"><strong>Dominio gratuito<\/strong>\u00a0incluido patrocinado por JST durante el primer a\u00f1o. Renovaciones cada a\u00f1o a $19.99usd por a\u00f1o para .Com otras extensiones de variedad al precio actual.<\/li>\n<li role=\"listitem\"><\/li>\n<\/ul>\n","protected":false},"excerpt":{"rendered":"<p>Sitio web WP de 11 p\u00e1ginas<\/p>\n","protected":false},"featured_media":956,"comment_status":"open","ping_status":"closed","template":"","meta":{"om_disable_all_campaigns":false,"_mi_skip_tracking":false},"product_cat":[225,222],"product_tag":[],"aioseo_notices":[],"_links":{"self":[{"href":"https:\/\/marketing.ventacibao.com\/index.php\/wp-json\/wp\/v2\/product\/957"}],"collection":[{"href":"https:\/\/marketing.ventacibao.com\/index.php\/wp-json\/wp\/v2\/product"}],"about":[{"href":"https:\/\/marketing.ventacibao.com\/index.php\/wp-json\/wp\/v2\/types\/product"}],"replies":[{"embeddable":true,"href":"https:\/\/marketing.ventacibao.com\/index.php\/wp-json\/wp\/v2\/comments?post=957"}],"wp:featuredmedia":[{"embeddable":true,"href":"https:\/\/marketing.ventacibao.com\/index.php\/wp-json\/wp\/v2\/media\/956"}],"wp:attachment":[{"href":"https:\/\/marketing.ventacibao.com\/index.php\/wp-json\/wp\/v2\/media?parent=957"}],"wp:term":[{"taxonomy":"product_cat","embeddable":true,"href":"https:\/\/marketing.ventacibao.com\/index.php\/wp-json\/wp\/v2\/product_cat?post=957"},{"taxonomy":"product_tag","embeddable":true,"href":"https:\/\/marketing.ventacibao.com\/index.php\/wp-json\/wp\/v2\/product_tag?post=957"}],"curies":[{"name":"wp","href":"https:\/\/api.w.org\/{rel}","templated":true}]}}