{"id":875,"date":"2024-04-26T02:28:47","date_gmt":"2024-04-26T06:28:47","guid":{"rendered":"https:\/\/marketing.ventacibao.com\/?post_type=product&#038;p=875"},"modified":"2024-04-27T17:02:01","modified_gmt":"2024-04-27T21:02:01","slug":"20000-6000-gratis-seguidores-autenticos-para-tiktok","status":"publish","type":"product","link":"https:\/\/marketing.ventacibao.com\/index.php\/product\/20000-6000-gratis-seguidores-autenticos-para-tiktok\/","title":{"rendered":"20000 + 6000 gratis Seguidores aut\u00e9nticos para TikTok"},"content":{"rendered":"<p><span style=\"font-weight: 400;\">\u00bfQuieres destacar en TikTok y conseguir m\u00e1s seguidores? \u00a1Tenemos la soluci\u00f3n perfecta para ti! Utilizar nuestros servicios de marketing para seguidores en TikTok te permitir\u00e1 aumentar la visibilidad de tus publicaciones y atraer a m\u00e1s seguidores de forma org\u00e1nica. Adem\u00e1s, esto te ayudar\u00e1 a conseguir m\u00e1s interacciones en tus publicaciones y a convertirte en el Tiktoker n\u00ba1. \u00a1No esperes m\u00e1s y prueba nuestro servicio hoy mismo!<\/span><\/p>\n<p><span style=\"font-weight: 400;\">\u23f0 Inicio: 12 \u2013 48 Hora<\/span><\/p>\n<p><span style=\"font-weight: 400;\">\u26a1 Crecimiento B\u00e1sico: Velocidad de entrega de 50 hasta 500 por d\u00eda.<\/span><\/p>\n<p><span style=\"font-weight: 400;\">\ud83d\udc8e Calidad: Cuentas reales con avatares, algunas con videos y likes<\/span><\/p>\n<p><span style=\"font-weight: 400;\">\u267b\ufe0f Garant\u00eda: 30 d\u00edas<\/span><\/p>\n<p><span style=\"font-weight: 400;\">\ud83c\udf0a Disminuci\u00f3n: 0-5%<\/span><\/p>\n<p><span style=\"font-weight: 400;\">\ud83c\udf0e Origen: Todos los Pa\u00edses<\/span><\/p>\n<p><span style=\"font-weight: 400;\">\u00a0<\/span><\/p>\n<p><span style=\"font-weight: 400;\">\u2705: Este servicio funciona solo en cuentas p\u00fablicas<\/span><\/p>\n<p><span style=\"font-weight: 400;\">\u2705: Sin recarga \/ reembolso si el conteo inicial del pedido disminuye en cualquier momento<\/span><\/p>\n<p><span style=\"font-weight: 400;\">\u2705: Sin recarga si el perfil se hace privado o cambia el nombre de usuario<\/span><\/p>\n","protected":false},"excerpt":{"rendered":"<p><span style=\"font-weight: 400;\">20,000 + 6,000 gratis Seguidores aut\u00e9nticos para TikTok \u00bfQuieres destacar en TikTok y conseguir m\u00e1s seguidores? \u00a1Tenemos la soluci\u00f3n perfecta para ti! Utilizar nuestros servicios de marketing para seguidores en TikTok te permitir\u00e1 aumentar la visibilidad de tus publicaciones y atraer a m\u00e1s seguidores de forma org\u00e1nica.<\/span><\/p>\n","protected":false},"featured_media":857,"comment_status":"open","ping_status":"closed","template":"","meta":{"om_disable_all_campaigns":false,"_mi_skip_tracking":false},"product_cat":[218],"product_tag":[220,221],"aioseo_notices":[],"_links":{"self":[{"href":"https:\/\/marketing.ventacibao.com\/index.php\/wp-json\/wp\/v2\/product\/875"}],"collection":[{"href":"https:\/\/marketing.ventacibao.com\/index.php\/wp-json\/wp\/v2\/product"}],"about":[{"href":"https:\/\/marketing.ventacibao.com\/index.php\/wp-json\/wp\/v2\/types\/product"}],"replies":[{"embeddable":true,"href":"https:\/\/marketing.ventacibao.com\/index.php\/wp-json\/wp\/v2\/comments?post=875"}],"wp:featuredmedia":[{"embeddable":true,"href":"https:\/\/marketing.ventacibao.com\/index.php\/wp-json\/wp\/v2\/media\/857"}],"wp:attachment":[{"href":"https:\/\/marketing.ventacibao.com\/index.php\/wp-json\/wp\/v2\/media?parent=875"}],"wp:term":[{"taxonomy":"product_cat","embeddable":true,"href":"https:\/\/marketing.ventacibao.com\/index.php\/wp-json\/wp\/v2\/product_cat?post=875"},{"taxonomy":"product_tag","embeddable":true,"href":"https:\/\/marketing.ventacibao.com\/index.php\/wp-json\/wp\/v2\/product_tag?post=875"}],"curies":[{"name":"wp","href":"https:\/\/api.w.org\/{rel}","templated":true}]}}