{"id":790,"date":"2024-04-04T21:47:39","date_gmt":"2024-04-05T01:47:39","guid":{"rendered":"https:\/\/marketing.ventacibao.com\/?post_type=product&#038;p=790"},"modified":"2024-04-04T21:51:54","modified_gmt":"2024-04-05T01:51:54","slug":"500000-visitas-para-los-video-shorts-cortos-para-tu-canal-con-este-plan-de-marketing-que-esta-enfocado-en-el-progreso-de-tu-canal","status":"publish","type":"product","link":"https:\/\/marketing.ventacibao.com\/index.php\/product\/500000-visitas-para-los-video-shorts-cortos-para-tu-canal-con-este-plan-de-marketing-que-esta-enfocado-en-el-progreso-de-tu-canal\/","title":{"rendered":"500000 Visitas para los video shorts (cortos) para tu canal con este plan de marketing que est\u00e1 enfocado en el progreso de tu canal."},"content":{"rendered":"<h4><b>500,000 Visitas para los video shorts (cortos) para tu canal con este plan de marketing que est\u00e1 enfocado en el progreso de tu canal.<\/b><\/h4>\n<p><b>Descripci\u00f3n del Servicio:<\/b><\/p>\n<p><span style=\"font-weight: 400;\">\u00bfPor qu\u00e9 deber\u00edas comprar marketing de visitas para tu YouTube Shorts (video cortos)?<\/span><\/p>\n<p><span style=\"font-weight: 400;\">Adquirir visitas para tus Shorts de YouTube no es una simple estrategia para inflar tus m\u00e9tricas; es un enfoque deliberado con beneficios que van m\u00e1s all\u00e1 de los n\u00fameros.<\/span><\/p>\n<p><span style=\"font-weight: 400;\">Amplifica Tu Alcance: comprar marketing de visitas para tu YouTube Shorts (video cortos), Y impulsar tu contenido hacia una mayor visibilidad dentro de YouTube, permiti\u00e9ndole llegar a nuevas audiencias que de otro modo podr\u00edan no descubrirte.<\/span><\/p>\n<p><span style=\"font-weight: 400;\">Incrementa el compromiso: Un mayor n\u00famero de visitas a menudo resulta en m\u00e1s interacciones, incluidos \u201clikes\u201d y comentarios, que pueden a su vez mejorar el rendimiento general de tus shorts.<\/span><\/p>\n<p><span style=\"font-weight: 400;\">Establece Credibilidad: Un alto n\u00famero de visitas en tus Shorts de YouTube puede mejorar la percepci\u00f3n de tu contenido como relevante y popular, lo que puede atraer a\u00fan m\u00e1s visitantes y hacer que te tomen m\u00e1s en serio como creador de contenido.<\/span><\/p>\n<p><span style=\"font-weight: 400;\">Potencia el Crecimiento Org\u00e1nico: Un n\u00famero significativo de visitas puede enviar se\u00f1ales al algoritmo de YouTube de que tu contenido es de alta calidad, aumentando las posibilidades de que se recomiende a otros usuarios.<\/span><\/p>\n<p><span style=\"font-weight: 400;\">Desbloquea Oportunidades de Monetizaci\u00f3n: A medida que tus m\u00e9tricas mejoran, tambi\u00e9n lo hacen tus oportunidades para monetizar tu contenido a trav\u00e9s de patrocinios, publicidad y otras v\u00edas de ingreso.<\/span><\/p>\n<p><span style=\"font-weight: 400;\">\u00a0<\/span><span style=\"font-weight: 400;\">Comprar marketing para visitas de tus Shorts de YouTube es una estrategia eficaz para acelerar tu \u00e9xito en la plataforma y maximizar el impacto de cada pieza de contenido que publicas.<\/span><\/p>\n<p><span style=\"font-weight: 400;\">\u00a1Sube la temperatura de tu canal con Visitas Short para YouTube! \u00bfCansado de que tus videos de alta calidad se pierdan en el oc\u00e9ano de contenido de YouTube? \u00a1Es hora de tomar el control y acelerar tu camino hacia la fama y el reconocimiento!<\/span><\/p>\n<p><span style=\"font-weight: 400;\">\u23f0 Inicio: 0 \u2013 24 Horas<\/span><\/p>\n<p><span style=\"font-weight: 400;\">\u26a1 Velocidad: 10k-15k al d\u00eda<\/span><\/p>\n<p><span style=\"font-weight: 400;\">\ud83d\udc8e Calidad: Visitas de personas Real<\/span><\/p>\n<p><span style=\"font-weight: 400;\">\u267b\ufe0f Garant\u00eda: De por vida<\/span><\/p>\n<p><span style=\"font-weight: 400;\">\ud83c\udf0a Ca\u00edda: 0% \u2013 5%<\/span><\/p>\n<p><span style=\"font-weight: 400;\">\u2014\u2014\u2014\u2014\u2014\u2014\u2014\u2014\u2014\u2014\u2014\u2013<\/span><\/p>\n<p><span style=\"font-weight: 400;\">\u2705 Este servicio funciona solo en cuentas p\u00fablicas<\/span><\/p>\n<p><span style=\"font-weight: 400;\">\u2705 Sin relleno \/ reembolso si el contador del pedido disminuye en alg\u00fan momento<\/span><\/p>\n<p>&nbsp;<\/p>\n","protected":false},"excerpt":{"rendered":"<h4><b>500,000 Visitas para los video shorts (cortos) para tu canal con este plan de marketing que est\u00e1 enfocado en el progreso de tu canal.<\/b><\/h4>\n<p><b>Descripci\u00f3n del Servicio:<\/b><\/p>\n<p><span style=\"font-weight: 400;\">\u00bfPor qu\u00e9 deber\u00edas comprar marketing de visitas para tu YouTube Shorts (video cortos)?<\/span><\/p>\n<p><span style=\"font-weight: 400;\">Adquirir visitas para tus Shorts de YouTube no es una simple estrategia para inflar tus m\u00e9tricas; es un enfoque deliberado con beneficios que van m\u00e1s all\u00e1 de los n\u00fameros.<\/span><\/p>\n","protected":false},"featured_media":775,"comment_status":"open","ping_status":"closed","template":"","meta":{"om_disable_all_campaigns":false,"_mi_skip_tracking":false},"product_cat":[212],"product_tag":[104,113,114,115,112,111,102,103,106,110,116,105,107,108,109],"aioseo_notices":[],"_links":{"self":[{"href":"https:\/\/marketing.ventacibao.com\/index.php\/wp-json\/wp\/v2\/product\/790"}],"collection":[{"href":"https:\/\/marketing.ventacibao.com\/index.php\/wp-json\/wp\/v2\/product"}],"about":[{"href":"https:\/\/marketing.ventacibao.com\/index.php\/wp-json\/wp\/v2\/types\/product"}],"replies":[{"embeddable":true,"href":"https:\/\/marketing.ventacibao.com\/index.php\/wp-json\/wp\/v2\/comments?post=790"}],"wp:featuredmedia":[{"embeddable":true,"href":"https:\/\/marketing.ventacibao.com\/index.php\/wp-json\/wp\/v2\/media\/775"}],"wp:attachment":[{"href":"https:\/\/marketing.ventacibao.com\/index.php\/wp-json\/wp\/v2\/media?parent=790"}],"wp:term":[{"taxonomy":"product_cat","embeddable":true,"href":"https:\/\/marketing.ventacibao.com\/index.php\/wp-json\/wp\/v2\/product_cat?post=790"},{"taxonomy":"product_tag","embeddable":true,"href":"https:\/\/marketing.ventacibao.com\/index.php\/wp-json\/wp\/v2\/product_tag?post=790"}],"curies":[{"name":"wp","href":"https:\/\/api.w.org\/{rel}","templated":true}]}}