{"id":772,"date":"2024-04-04T10:34:56","date_gmt":"2024-04-04T14:34:56","guid":{"rendered":"https:\/\/marketing.ventacibao.com\/?post_type=product&#038;p=772"},"modified":"2024-04-04T10:39:12","modified_gmt":"2024-04-04T14:39:12","slug":"300-comentarios-para-tu-canal-con-este-plan-de-marketing-enfocado","status":"publish","type":"product","link":"https:\/\/marketing.ventacibao.com\/index.php\/product\/300-comentarios-para-tu-canal-con-este-plan-de-marketing-enfocado\/","title":{"rendered":"300 Comentarios para tu canal con este plan de marketing enfocado"},"content":{"rendered":"<h4><strong>300 Comentarios para tu canal con este plan de marketing enfocado <\/strong><\/h4>\n<p><b>Descripci\u00f3n del Servicio:<\/b><\/p>\n<p><span style=\"font-weight: 400;\">\u00a1Maximiza tu contenido! Consigue, Marketing para agregar 300 Comentarios para tu canal con este plan de marketing enfocado para<\/span><span style=\"font-weight: 400;\"> tu videos.\u00a0 \u00a0Descubre c\u00f3mo tus creaciones pueden volverse irresistibles, d\u00e1ndote credibilidad mediante todas esas vistas que se refleja en tu canal. Importante es que actives tu contador de visitas para que todos que te visiten lo vean. Recuerda que estos comentarios que tu est\u00e1s comprando en nuestro plan de marketing,\u00a0 Nos es bueno que tus espectadores vean poco tr\u00e1nsito, ni pocos comentarios de tus seguidores, Porque para ellos eso significa que el video que pensaban mirarlo por su linda cara no es tan bueno como se ve en la miniatura. Tampoco es bueno que el visitante de youtube o mejor dicho el espectador se sientan que son los \u00fanicos que lo van a mirar. A cambio cuando un espectador ve un video que tiene una miniatura bonita y tambi\u00e9n tiene muchas vistas y horas de reproducci\u00f3n. Esto le da m\u00e1s confianza de que el video que est\u00e1 a punto de darle clic es de buen contenido. Y el deseo de ver el video aumenta. \u00bfTiene sentido para usted lo que hablo?<\/span><\/p>\n<p><span style=\"font-weight: 400;\">El trabajo de nosotros es seguir arriba de ellos, hasta que se cumpla el proyecto de usted. No importa lo peque\u00f1a o grande que sea su necesidad. Y entregamos todos los proyectos un cien por ciento de todas las necesidades de nuestros clientes siempre!<\/span><\/p>\n<p><b>Recomendaciones de Marketing.VentaCibao.com:<\/b><\/p>\n<ol>\n<li style=\"font-weight: 400;\" aria-level=\"1\"><span style=\"font-weight: 400;\">Aseg\u00farate de utilizar un v\u00eddeo 100 % creado y dise\u00f1ado por ti y que no contenga m\u00fasica ni contenido con derechos de autor. De esta forma no haces una inversi\u00f3n en tu canal en balde.<\/span><\/li>\n<li style=\"font-weight: 400;\" aria-level=\"1\"><span style=\"font-weight: 400;\">Si no tienes un v\u00eddeo de dos a cuatro minutos, t\u00f3mate el tiempo para crear uno dentro de esos l\u00edmites como mejor pr\u00e1ctica, de esta manera el algoritmo de YouTube funciona a tu favor.\u00a0<\/span><\/li>\n<\/ol>\n<p>\u00bfQuieres que tus v\u00eddeos de YouTube lleguen a m\u00e1s personas? \u00a1Comprar Marketing para comentarios personalizados es la clave! Aumenta la interacci\u00f3n y la contrataci\u00f3n en tus v\u00eddeos de comentarios de alta calidad y acordes a tu tem\u00e1tica. \u00a1Compra ahora y comprueba los resultados!<\/p>\n<p>\u2705 \u00a1Comentarios personalizados!<br \/>\n\u2705 Entrega: 100 a 300 comentarios por d\u00eda<br \/>\n\u2705 Rapidez: 0 \u2013 24 Horas<\/p>\n<p>\u26a0 Importante:<\/p>\n<p>El video debe ser Publico<br \/>\nDebe estar habilitada la opci\u00f3n de comentario en su video<br \/>\nLos comentarios no se deben repetir<\/p>\n<p>\ud83c\udf0d Origen de los Comentarios: Todo los pa\u00edses.<\/p>\n<p>&nbsp;<\/p>\n","protected":false},"excerpt":{"rendered":"<h4><strong>300 Comentarios para tu canal con este plan de marketing enfocado <\/strong><\/h4>\n<p><b>Descripci\u00f3n del Servicio:<\/b><\/p>\n<p><span style=\"font-weight: 400;\">\u00a1Maximiza tu contenido! Consigue, Marketing para agregar 100 Comentarios para tu canal con este plan de marketing enfocado para<\/span><span style=\"font-weight: 400;\"> tu videos.\u00a0 \u00a0Descubre c\u00f3mo tus creaciones pueden volverse irresistibles, d\u00e1ndote credibilidad mediante todas esas vistas que se refleja en tu canal.<\/span><\/p>\n","protected":false},"featured_media":769,"comment_status":"open","ping_status":"closed","template":"","meta":{"om_disable_all_campaigns":false,"_mi_skip_tracking":false},"product_cat":[211],"product_tag":[104,113,114,115,112,111,102,103,106,110,116,105,107,108,109],"aioseo_notices":[],"_links":{"self":[{"href":"https:\/\/marketing.ventacibao.com\/index.php\/wp-json\/wp\/v2\/product\/772"}],"collection":[{"href":"https:\/\/marketing.ventacibao.com\/index.php\/wp-json\/wp\/v2\/product"}],"about":[{"href":"https:\/\/marketing.ventacibao.com\/index.php\/wp-json\/wp\/v2\/types\/product"}],"replies":[{"embeddable":true,"href":"https:\/\/marketing.ventacibao.com\/index.php\/wp-json\/wp\/v2\/comments?post=772"}],"wp:featuredmedia":[{"embeddable":true,"href":"https:\/\/marketing.ventacibao.com\/index.php\/wp-json\/wp\/v2\/media\/769"}],"wp:attachment":[{"href":"https:\/\/marketing.ventacibao.com\/index.php\/wp-json\/wp\/v2\/media?parent=772"}],"wp:term":[{"taxonomy":"product_cat","embeddable":true,"href":"https:\/\/marketing.ventacibao.com\/index.php\/wp-json\/wp\/v2\/product_cat?post=772"},{"taxonomy":"product_tag","embeddable":true,"href":"https:\/\/marketing.ventacibao.com\/index.php\/wp-json\/wp\/v2\/product_tag?post=772"}],"curies":[{"name":"wp","href":"https:\/\/api.w.org\/{rel}","templated":true}]}}