{"id":751,"date":"2024-04-03T06:07:33","date_gmt":"2024-04-03T10:07:33","guid":{"rendered":"https:\/\/marketing.ventacibao.com\/?post_type=product&#038;p=751"},"modified":"2024-04-03T06:11:05","modified_gmt":"2024-04-03T10:11:05","slug":"2000-visitas-para-tu-canal","status":"publish","type":"product","link":"https:\/\/marketing.ventacibao.com\/index.php\/product\/2000-visitas-para-tu-canal\/","title":{"rendered":"2000 Visitas para tu Canal"},"content":{"rendered":"<p><b>Descripci\u00f3n del Servicio:<\/b><\/p>\n<h4><b>2000 Visitas para tu Canal<\/b><\/h4>\n<p><b>Descripci\u00f3n del Servicio:<\/b><\/p>\n<p><span style=\"font-weight: 400;\">\u00a1Maximiza tu contenido! Consigue, Marketing para agregar <\/span><b>2,000 <\/b><span style=\"font-weight: 400;\">Visitas para tu canal con tu video largo de dos a cuatro minutos. Para tus v\u00eddeos de YouTube. Ejemplo: la Retenci\u00f3n de 10 \u2013 40 Segundos.indica que es mejor para su canal si su video es entre dos y cuatro minutos de formato largo.\u00a0 Descubre c\u00f3mo tus creaciones pueden volverse irresistibles, d\u00e1ndote credibilidad mediante todas esas vistas que se refleja en tu canal.Importante es que actives tu contador de visitas para que todos que te visiten lo vean. Recuerda que estas visitas que tu est\u00e1s comprando en nuestro plan de marketing, se traducen en horas de visualizaci\u00f3n que son igual o m\u00e1s importantes para poder monetizar tu canal. Es como el viejo dicho: \u201csin horas de reproducci\u00f3n en tu plataforma de YouTube no hay chamba, (dinero). Nos es bueno que tus espectadores vean poco tr\u00e1nsito, ni pocas horas de vista en tus videos. Porque para ellos eso significa que el video que pensaban mirarlo por su linda cara no es tan bueno como se ve en la miniatura. Tampoco es bueno que el visitante de youtube o mejor dicho el espectador se sientan que son los \u00fanicos que lo van a mirar. A cambio cuando un espectador ve un video que tiene una miniatura bonita y tambi\u00e9n tiene muchas vistas y horas de reproducci\u00f3n. Esto le da m\u00e1s confianza de que el video que est\u00e1 a punto de darle clic es de buen contenido. Y el deseo de ver el video aumenta. \u00bfTiene sentido para usted lo que hablo?<\/span><\/p>\n<p><span style=\"font-weight: 400;\">\u00bfEst\u00e1s listo para ver tus videos llenarse de miles de visitas? y tu canal despega hacia el \u00e9xito? \u00a1No esperes m\u00e1s, empieza a conquistar YouTube ahora mismo! Con el equipo de marketing m\u00e1s duro que hay en las plataformas de redes sociales. Para m\u00e1s informaci\u00f3n revise nuestro PMF\u2019s (FAQ\u2019s).\u00a0 \u00a0 Nosotros tenemos cientos de miles de miembros de redes sociales que ayudan a los canales que necesitan apoyo para crecer. Y cuando usted usa nuestros servicios de marketing online nosotros nos encargamos de pedir el apoyo de la multitud de influencers y espectadores.\u00a0<\/span><\/p>\n<p><span style=\"font-weight: 400;\">El trabajo de nosotros es seguir arriba de ellos, hasta que se cumpla el proyecto de usted. No importa lo peque\u00f1a o grande que sea su necesidad. Y entregamos todos los proyectos un cien por ciento de todas las necesidades de nuestros clientes siempre!<\/span><\/p>\n<p><b>Recomendaciones de Marketing.VentaCibao.com:<\/b><\/p>\n<ol>\n<li style=\"font-weight: 400;\" aria-level=\"1\"><span style=\"font-weight: 400;\">Aseg\u00farate de utilizar un v\u00eddeo 100 % creado y dise\u00f1ado por ti y que no contenga m\u00fasica ni contenido con derechos de autor. De esta forma no haces una inversi\u00f3n en tu canal en balde.<\/span><\/li>\n<li style=\"font-weight: 400;\" aria-level=\"1\"><span style=\"font-weight: 400;\">Si no tienes un v\u00eddeo de dos a cuatro minutos, t\u00f3mate el tiempo para crear uno dentro de esos l\u00edmites como mejor pr\u00e1ctica, de esta manera el algoritmo de YouTube funciona a tu favor.\u00a0<\/span><\/li>\n<\/ol>\n<p><span style=\"font-weight: 400;\">\u23f0 Inicio: 0 \u2013 24 Horas<\/span><\/p>\n<p><span style=\"font-weight: 400;\">\u26a1 Velocidad de entrega: de 1 a 9 d\u00edas<\/span><\/p>\n<p><span style=\"font-weight: 400;\">\u23f0 Tiempo que YouTube registra Visitas a tu panel 7 &#8211; 16 d\u00edas<\/span><\/p>\n<p><span style=\"font-weight: 400;\">\u267b\ufe0f Garant\u00eda: 30 d\u00edas<\/span><\/p>\n<p><span style=\"font-weight: 400;\">\ud83d\udd17 Tipo de Enlace: V\u00eddeo + <\/span><b>2 a 4 minutos<\/b><span style=\"font-weight: 400;\"> recomendado.<\/span><\/p>\n<p><span style=\"font-weight: 400;\">\ud83d\udcc8 2,000 Vistas x 1 Video de 10 a 40 segundos de retenci\u00f3n es = <\/span><b>5.4<\/b><span style=\"font-weight: 400;\"> hasta <\/span><b>22<\/b><span style=\"font-weight: 400;\"> Horas de visualizaci\u00f3n<\/span><\/p>\n<p><span style=\"font-weight: 400;\">\u00a0<\/span><b>\u26a0\ufe0fCompruebe (leer) esta descripci\u00f3n cuidadosamente antes de realizar un pedido:<\/b><\/p>\n<p><span style=\"font-weight: 400;\">\u00a1Compra nuestro servicio de marketing para aumentar las visitas en tu canal de YouTube y transforma radicalmente su apariencia y visibilidad! Este impulso te permitir\u00e1 ganar m\u00e1s suscriptores de manera org\u00e1nica y captar la atenci\u00f3n de posibles clientes o patrocinadores. \u00a1No pierdas m\u00e1s tiempo, prueba nuestro servicio y prep\u00e1rate para despegar en YouTube! \u00a1No esperes m\u00e1s, toma acci\u00f3n ahora mismo!<\/span><\/p>\n<p><span style=\"font-weight: 400;\">\u2705 \u00a1Vistas Reales!<\/span><\/p>\n<p><span style=\"font-weight: 400;\">\u2705 Entrega:\u00a0 200 a 3000 vistas por d\u00eda.<\/span><\/p>\n<p><span style=\"font-weight: 400;\">\u2705 Retenci\u00f3n: 10 \u2013 40 Segundos.<\/span><\/p>\n<p><b>\u26a0 Importante:\u00a0<\/b><\/p>\n<p><span style=\"font-weight: 400;\">\ud83d\udea9 El video no debe estar monetizado, de ser as\u00ed no tiene que tener m\u00e1s de 2 anuncios en el video.<\/span><\/p>\n<p><span style=\"font-weight: 400;\">\ud83d\udea9 No se permiten videos con contenido de derechos de autor.<\/span><\/p>\n<p><span style=\"font-weight: 400;\">\ud83d\udea9 No se permiten videos con restricciones de edad.<\/span><\/p>\n<p><span style=\"font-weight: 400;\">\ud83d\udea9 No se permiten videos cortos (Shorts).<\/span><\/p>\n<p><span style=\"font-weight: 400;\">\ud83c\udf0d Origen de los youtubers que estar\u00e1n visitando-rle: Todo los pa\u00edses.<\/span><\/p>\n","protected":false},"excerpt":{"rendered":"<h2><span style=\"color: #0000ff;\"><strong>1000 Visitas para tu Canal<\/strong><\/span><\/h2>\n<p><span style=\"font-weight: 400;\">\u00a1Maximiza tu contenido! Consigue, Marketing para agregar <strong>2<\/strong><\/span><b>,000 <\/b><span style=\"font-weight: 400;\">Visitas para tu canal con tu video largo de dos a cuatro minutos. Para tus v\u00eddeos de YouTube. Ejemplo: la Retenci\u00f3n de 10 \u2013 40 Segundos.indica que es mejor para su canal si su video es entre dos y cuatro minutos de formato largo.\u00a0 Descubre c\u00f3mo tus creaciones pueden volverse irresistibles, d\u00e1ndote credibilidad mediante todas esas vistas que se refleja en tu canal.Importante es que actives tu contador de visitas para que todos que te visiten lo vean.<\/span><\/p>\n","protected":false},"featured_media":744,"comment_status":"open","ping_status":"closed","template":"","meta":{"om_disable_all_campaigns":false,"_mi_skip_tracking":false},"product_cat":[210],"product_tag":[104,113,114,115,112,111,102,103,106,110,116,105,107,108,109],"aioseo_notices":[],"_links":{"self":[{"href":"https:\/\/marketing.ventacibao.com\/index.php\/wp-json\/wp\/v2\/product\/751"}],"collection":[{"href":"https:\/\/marketing.ventacibao.com\/index.php\/wp-json\/wp\/v2\/product"}],"about":[{"href":"https:\/\/marketing.ventacibao.com\/index.php\/wp-json\/wp\/v2\/types\/product"}],"replies":[{"embeddable":true,"href":"https:\/\/marketing.ventacibao.com\/index.php\/wp-json\/wp\/v2\/comments?post=751"}],"wp:featuredmedia":[{"embeddable":true,"href":"https:\/\/marketing.ventacibao.com\/index.php\/wp-json\/wp\/v2\/media\/744"}],"wp:attachment":[{"href":"https:\/\/marketing.ventacibao.com\/index.php\/wp-json\/wp\/v2\/media?parent=751"}],"wp:term":[{"taxonomy":"product_cat","embeddable":true,"href":"https:\/\/marketing.ventacibao.com\/index.php\/wp-json\/wp\/v2\/product_cat?post=751"},{"taxonomy":"product_tag","embeddable":true,"href":"https:\/\/marketing.ventacibao.com\/index.php\/wp-json\/wp\/v2\/product_tag?post=751"}],"curies":[{"name":"wp","href":"https:\/\/api.w.org\/{rel}","templated":true}]}}