{"id":714,"date":"2024-03-24T03:43:49","date_gmt":"2024-03-24T07:43:49","guid":{"rendered":"https:\/\/marketing.ventacibao.com\/?post_type=product&#038;p=714"},"modified":"2024-03-24T03:51:40","modified_gmt":"2024-03-24T07:51:40","slug":"600-horas-visuales-para-tu-canal-marketing-en-internet","status":"publish","type":"product","link":"https:\/\/marketing.ventacibao.com\/index.php\/product\/600-horas-visuales-para-tu-canal-marketing-en-internet\/","title":{"rendered":"600 Horas Visuales para tu Canal: Marketing en Internet"},"content":{"rendered":"<h4><span style=\"color: #ff9900;\"><strong>Visualizaci\u00f3n de 600 horas para tu canal con tu video de 6 minutos o m\u00e1s (600 hours)<\/strong><\/span><\/h4>\n<p><span style=\"font-weight: 400;\">\u00a1Maximiza tu contenido! Consigue, Marketing para agregar <\/span><span style=\"font-weight: 400;\"><b>600 <\/b>horas de visualizaci\u00f3n con tu video de seis o m\u00e1s minutos, para tus v\u00eddeos de YouTube. Ejemplo: 6 minutos multiplicado por <b>6000 <\/b>vistas&#8217; es igual a <strong style=\"font-weight: 400;\">600<\/strong> horas para tu canal.\u00a0 y descubre c\u00f3mo tus creaciones pueden volverse irresistibles, d\u00e1ndote credibilidad mediante todas esas vistas que se refleja en tu canal. La cantidad de Marketing para horas de reproducci\u00f3n que ha recibido tu v\u00eddeo(s), en un tiempo r\u00e9cord real. Las horas son igual o m\u00e1s importantes para poder monetizar tu canal. Es como el viejo dicho: \u201csin horas de reproducci\u00f3n en tu plataforma de YouTube no hay chamba, (dinero). Nos es bueno que tus espectadores vean poco tr\u00e1nsito, ni pocas horas de vista en tus videos. Porque para ellos eso significa que el video que pensaban mirarlo por su linda cara no es tan bueno como se ve en la miniatura. Tampoco es bueno que el visitante de youtube o mejor dicho el espectador se sientan que son los \u00fanicos que lo van a mirar. A cambio cuando un espectador ve un video que tiene una miniatura bonita y tambi\u00e9n tiene muchas vistas y horas de reproducci\u00f3n. Esto le da m\u00e1s confianza de que el video que est\u00e1 a punto de darle clic es de buen contenido. Y el deseo de ver el video aumenta. \u00bfTiene sentido para usted lo que hablo?<\/span><\/p>\n<p><span style=\"font-weight: 400;\">\u00bfEst\u00e1s listo para ver tus videos llenarse de horas de vistas? y tu canal despega hacia el \u00e9xito? \u00a1No esperes m\u00e1s, empieza a conquistar YouTube ahora mismo! Con el equipo de marketing m\u00e1s duro que hay en las plataformas de redes sociales. Para m\u00e1s informaci\u00f3n revise nuestro PMF\u2019s (FAQ\u2019s).\u00a0 \u00a0 Nosotros tenemos cientos de miles de miembros de redes sociales que ayudan a los canales que necesitan apoyo para crecer. Y cuando usted usa nuestros servicios de marketing online nosotros nos encargamos de pedir el apoyo de la multitud de influencers y espectadores.\u00a0<\/span><\/p>\n<p><span style=\"font-weight: 400;\">El trabajo de nosotros es seguir arriba de ellos, hasta que se cumpla el proyecto de usted. No importa lo peque\u00f1a o grande que sea su necesidad. Y entregamos todos los proyectos un cien por ciento de todas las necesidades de nuestros clientes siempre!<\/span><\/p>\n<p><span style=\"color: #000000;\"><strong>Recomendaciones de Marketing.VentaCibao.com:<\/strong><\/span><\/p>\n<ol>\n<li><span style=\"font-weight: 400;\"> Aseg\u00farate de utilizar un v\u00eddeo 100 % creado y dise\u00f1ado por ti y que no contenga m\u00fasica ni contenido con derechos de autor. De esta forma no haces una inversi\u00f3n en tu canal en balde.<\/span><\/li>\n<li><span style=\"font-weight: 400;\"> Si no tienes un v\u00eddeo de seis minutos, t\u00f3mate el tiempo para crear uno dentro de esos l\u00edmites como mejor pr\u00e1ctica, de esta manera el algoritmo de YouTube funciona a tu favor. En otras palabras, si elige un servicio de video de seis minutos, no env\u00ede un enlace para un video de 30 minutos porque nuestro equipo solo ver\u00e1 este v\u00eddeo durante seis minutos y se marchar\u00e1. \u00a1Esto significa que el espectador se fue antes de que terminara el video y no se vieron 24 minutos de ese video! lo que resulta en una puntuaci\u00f3n baja en su panel de an\u00e1lisis.<\/span><\/li>\n<\/ol>\n<h4><span style=\"color: #000000;\"><strong>Descripci\u00f3n del Servicio:<\/strong><\/span><\/h4>\n<p><span style=\"font-weight: 400;\">\u23f0 Inicio: 0 \u2013 12 Horas<\/span><\/p>\n<p><span style=\"font-weight: 400;\">\u26a1 Velocidad de entrega: de 1 a 7 d\u00edas<\/span><\/p>\n<p><span style=\"font-weight: 400;\">\u23f0 Tiempo que YouTube registra horas a tu panel 7 &#8211; 14 d\u00edas<\/span><\/p>\n<p><span style=\"font-weight: 400;\">\u267b\ufe0f Garant\u00eda: 30 d\u00edas<\/span><\/p>\n<p><span style=\"font-weight: 400;\">\ud83d\udd17 Tipo de Enlace: Video + <strong>6 minutos<\/strong> o Mas\u00a0<\/span><\/p>\n<p><span style=\"font-weight: 400;\">\ud83d\udcc8 6,000 Vistas x 1 Video de 6min = <strong>600<\/strong> Horas de visualizaci\u00f3n<\/span><\/p>\n<p>&nbsp;<\/p>\n<h4><strong><span style=\"color: #ff0000;\">\u26a0\ufe0fCompruebe (leer) esta descripci\u00f3n cuidadosamente antes de realizar un pedido:<\/span><\/strong><\/h4>\n<p><span style=\"font-weight: 400;\">\ud83d\udea9Si el video no tiene m\u00e1s de 6 minutos, NO iniciaremos con la entrega.<\/span><\/p>\n<p><span style=\"font-weight: 400;\">\ud83d\udea9Si el video se elimin\u00f3, no hay reembolso.<\/span><\/p>\n<p><span style=\"font-weight: 400;\">\ud83d\udea9Los pedidos en ejecuci\u00f3n y completados no se pueden cancelar.<\/span><\/p>\n","protected":false},"excerpt":{"rendered":"<h4><span style=\"color: #ff9900;\"><strong>Visualizaci\u00f3n a tu canal con tu video de 6 minutos o m\u00e1s (400 hours)<\/strong><\/span><\/h4>\n<p><span style=\"font-weight: 400;\">400 horas de visualizaci\u00f3n con tu video de seis o m\u00e1s minutos, para tus v\u00eddeos de YouTube.\u00a0<\/span><\/p>\n","protected":false},"featured_media":686,"comment_status":"open","ping_status":"closed","template":"","meta":{"om_disable_all_campaigns":false,"_mi_skip_tracking":false},"product_cat":[101],"product_tag":[104,113,114,115,112,111,102,103,106,110,116,105,107,108,109],"aioseo_notices":[],"_links":{"self":[{"href":"https:\/\/marketing.ventacibao.com\/index.php\/wp-json\/wp\/v2\/product\/714"}],"collection":[{"href":"https:\/\/marketing.ventacibao.com\/index.php\/wp-json\/wp\/v2\/product"}],"about":[{"href":"https:\/\/marketing.ventacibao.com\/index.php\/wp-json\/wp\/v2\/types\/product"}],"replies":[{"embeddable":true,"href":"https:\/\/marketing.ventacibao.com\/index.php\/wp-json\/wp\/v2\/comments?post=714"}],"wp:featuredmedia":[{"embeddable":true,"href":"https:\/\/marketing.ventacibao.com\/index.php\/wp-json\/wp\/v2\/media\/686"}],"wp:attachment":[{"href":"https:\/\/marketing.ventacibao.com\/index.php\/wp-json\/wp\/v2\/media?parent=714"}],"wp:term":[{"taxonomy":"product_cat","embeddable":true,"href":"https:\/\/marketing.ventacibao.com\/index.php\/wp-json\/wp\/v2\/product_cat?post=714"},{"taxonomy":"product_tag","embeddable":true,"href":"https:\/\/marketing.ventacibao.com\/index.php\/wp-json\/wp\/v2\/product_tag?post=714"}],"curies":[{"name":"wp","href":"https:\/\/api.w.org\/{rel}","templated":true}]}}