{"id":361,"date":"2024-02-18T05:18:45","date_gmt":"2024-02-18T09:18:45","guid":{"rendered":"https:\/\/marketing.ventacibao.com\/?post_type=product&#038;p=361"},"modified":"2024-02-18T19:04:43","modified_gmt":"2024-02-18T23:04:43","slug":"10000-visita-de-reels-para-instagram","status":"publish","type":"product","link":"https:\/\/marketing.ventacibao.com\/index.php\/product\/10000-visita-de-reels-para-instagram\/","title":{"rendered":"(10,000 Visita de Reels para InstaGram)"},"content":{"rendered":"<h3><span style=\"color: #000000;\"><strong>(10,000 Visita de Reels para InstaGram)<\/strong><\/span><\/h3>\n<p><span style=\"font-weight: 400;\">\u00a1Perm\u00edtanos aumentar su n\u00famero de vista de su reel desbloqueando el poder del marketing dirigido con nuestra experiencia experimentada y recursos de vanguardia! \ud83d\ude80 En Marketing.VentaCibao.com, aportamos m\u00e1s de una d\u00e9cada y media de experiencia comprobada, dedicada a ayudarte a llegar a tu audiencia ideal en Instagram. Nuestros innovadores servicios de marketing est\u00e1n dise\u00f1ados para identificar y conectar con clientes potenciales que est\u00e1n genuinamente interesados en su marca. Con un profundo conocimiento del panorama de las redes sociales en constante evoluci\u00f3n, aprovechamos nuestra experiencia para navegar por las complejidades de Instagram, asegurando que su mensaje resuene entre los seguidores adecuados. \u00bfEst\u00e1s listo para elevar tu presencia en l\u00ednea? \u00a1Convirtamos juntos el potencial en prosperidad!&#8221;<\/span><\/p>\n<p><span style=\"font-weight: 400;\">Descubra tambi\u00e9n c\u00f3mo puede unirse a nuestra red de afiliados y unirse a nuestro creciente negocio de marketing y agregar un flujo de ingresos a sus ingresos actuales. Te invitamos a llevar tu marca al siguiente nivel utilizando nuestro servicio y promocionando para cubrir tus gastos, adem\u00e1s de agregar una cantidad ilimitada de ingresos a tus bolsillos.<\/span><\/p>\n<p>\u2705 Entrega entre 0 a 24 horas<br \/>\n\u26a0 Importante: Tener el video en modo p\u00fablico.<br \/>\n\ud83c\udf0d Origen de las Visitas: Todo los pa\u00edses<\/p>\n<p><span style=\"color: #000000;\"><strong>Recuerde que necesitamos el enlace al video al que le gustar\u00eda agregar vistas. Nota: Todas las vistas se realizar\u00e1n en ese \u00fanico video.<\/strong><\/span><\/p>\n","protected":false},"excerpt":{"rendered":"<h3><span style=\"color: #000000;\"><strong>(10,000 Visita de Reels para InstaGram)<\/strong><\/span><\/h3>\n<p><span style=\"font-weight: 400;\">\u00a1Perm\u00edtanos aumentar su n\u00famero de vista de su reel desbloqueando el poder del marketing dirigido con nuestra experiencia experimentada y recursos de vanguardia! \ud83d\ude80 En Marketing.VentaCibao.com, aportamos m\u00e1s de una d\u00e9cada y media de experiencia comprobada, dedicada a ayudarte a llegar a tu audiencia ideal en Instagram. Nuestros innovadores servicios de marketing est\u00e1n dise\u00f1ados para identificar y conectar con clientes potenciales que est\u00e1n genuinamente interesados en su marca. Con un profundo conocimiento del panorama de las redes sociales en constante evoluci\u00f3n, aprovechamos nuestra experiencia para navegar por las complejidades de Instagram, asegurando que su mensaje resuene entre los seguidores adecuados. \u00bfEst\u00e1s listo para elevar tu presencia en l\u00ednea? \u00a1Convirtamos juntos el potencial en prosperidad!&#8221;<\/span><\/p>\n","protected":false},"featured_media":337,"comment_status":"open","ping_status":"closed","template":"","meta":{"om_disable_all_campaigns":false,"_mi_skip_tracking":false},"product_cat":[184,186],"product_tag":[],"aioseo_notices":[],"_links":{"self":[{"href":"https:\/\/marketing.ventacibao.com\/index.php\/wp-json\/wp\/v2\/product\/361"}],"collection":[{"href":"https:\/\/marketing.ventacibao.com\/index.php\/wp-json\/wp\/v2\/product"}],"about":[{"href":"https:\/\/marketing.ventacibao.com\/index.php\/wp-json\/wp\/v2\/types\/product"}],"replies":[{"embeddable":true,"href":"https:\/\/marketing.ventacibao.com\/index.php\/wp-json\/wp\/v2\/comments?post=361"}],"wp:featuredmedia":[{"embeddable":true,"href":"https:\/\/marketing.ventacibao.com\/index.php\/wp-json\/wp\/v2\/media\/337"}],"wp:attachment":[{"href":"https:\/\/marketing.ventacibao.com\/index.php\/wp-json\/wp\/v2\/media?parent=361"}],"wp:term":[{"taxonomy":"product_cat","embeddable":true,"href":"https:\/\/marketing.ventacibao.com\/index.php\/wp-json\/wp\/v2\/product_cat?post=361"},{"taxonomy":"product_tag","embeddable":true,"href":"https:\/\/marketing.ventacibao.com\/index.php\/wp-json\/wp\/v2\/product_tag?post=361"}],"curies":[{"name":"wp","href":"https:\/\/api.w.org\/{rel}","templated":true}]}}