{"id":350,"date":"2024-02-18T00:50:02","date_gmt":"2024-02-18T04:50:02","guid":{"rendered":"https:\/\/marketing.ventacibao.com\/?post_type=product&#038;p=350"},"modified":"2024-06-01T20:00:14","modified_gmt":"2024-06-02T00:00:14","slug":"permitanos-aumentar-su-cartera-de-seguidores-en-instagram-agregar-500","status":"publish","type":"product","link":"https:\/\/marketing.ventacibao.com\/index.php\/product\/permitanos-aumentar-su-cartera-de-seguidores-en-instagram-agregar-500\/","title":{"rendered":"Perm\u00edtanos aumentar su cartera de seguidores en Instagram (Agregar 500)"},"content":{"rendered":"<h3><span style=\"color: #000000;\"><strong>(Agregar 500 Seguidores)<\/strong><\/span><\/h3>\n<p><span style=\"font-weight: 400;\">\u00a1Perm\u00edtanos aumentar su n\u00famero de seguidores desbloqueando el poder del marketing dirigido con nuestra experiencia experimentada y recursos de vanguardia! \ud83d\ude80 En Marketing.VentaCibao.com, aportamos m\u00e1s de una d\u00e9cada y media de experiencia comprobada, dedicada a ayudarte a llegar a tu audiencia ideal en Instagram. Nuestros innovadores servicios de marketing est\u00e1n dise\u00f1ados para identificar y conectar con clientes potenciales que est\u00e1n genuinamente interesados en su marca. Con un profundo conocimiento del panorama de las redes sociales en constante evoluci\u00f3n, aprovechamos nuestra experiencia para navegar por las complejidades de Instagram, asegurando que su mensaje resuene entre los seguidores adecuados. \u00bfEst\u00e1s listo para elevar tu presencia en l\u00ednea? \u00a1Convirtamos juntos el potencial en prosperidad!&#8221;<\/span><\/p>\n<p><span style=\"font-weight: 400;\">&#8220;\u00a1Descubra el arte de la participaci\u00f3n del cliente con Marketing.VentaCibao.com, su socio de marketing de Instagram de confianza! \ud83c\udf1f Libere el potencial de su marca aprovechando nuestra gran cantidad de recursos de marketing y 15 a\u00f1os de conocimiento de la industria. Nos especializamos en crear estrategias dise\u00f1adas a medida que no solo hacen crecer su seguidores, sino tambi\u00e9n cultivan una comunidad de clientes leales. Ya sea que seas un emprendedor en ciernes o una marca establecida, nuestro equipo est\u00e1 dedicado a aprovechar nuestra amplia experiencia para impulsar tu presencia en Instagram. Eleva tu juego de marketing con Marketing.VentaCibao.com y Observa c\u00f3mo tu base de fans se transforma en una audiencia comprometida y entusiasta. \u00a1Tu historia de \u00e9xito comienza aqu\u00ed!&#8221;<\/span><\/p>\n<p><span style=\"font-weight: 400;\">Descubra tambi\u00e9n c\u00f3mo puede unirse a nuestra red de afiliados y unirse a nuestro creciente negocio de marketing y agregar un flujo de ingresos a sus ingresos actuales. Te invitamos a llevar tu marca al siguiente nivel utilizando nuestro servicio y promocionando para cubrir tus gastos, adem\u00e1s de agregar una cantidad ilimitada de ingresos a tus bolsillos.<\/span><\/p>\n<p><span style=\"font-weight: 400;\">\u23f0 Inicio: 0 \u2013 24 Hora<\/span><\/p>\n<p><span style=\"font-weight: 400;\">\u26a1 Velocidad de entrega: 1K \u2013 5K por d\u00eda.<\/span><\/p>\n<p><span style=\"font-weight: 400;\">\ud83d\udc8e Calidad: Cuentas reales<\/span><\/p>\n<p><span style=\"font-weight: 400;\">\u267b\ufe0f Garant\u00eda: 30 d\u00edas<\/span><\/p>\n<p><span style=\"font-weight: 400;\">\ud83c\udf0a Disminuci\u00f3n: 5%<\/span><\/p>\n<p><span style=\"font-weight: 400;\">\ud83c\udf0e Origen: Todos los Pa\u00edses<\/span><\/p>\n<p>&nbsp;<\/p>\n<p><span style=\"font-weight: 400;\">\u00a0\u26a0 Importante: Tener la cuenta en modo p\u00fablico.<\/span><\/p>\n","protected":false},"excerpt":{"rendered":"<h3><span style=\"color: #000000;\"><strong>(Agregar 500 Seguidores)<\/strong><\/span><\/h3>\n<p><span style=\"font-weight: 400;\">\u00a1Perm\u00edtanos aumentar su n\u00famero de seguidores desbloqueando el poder del marketing dirigido con nuestra experiencia experimentada y recursos de vanguardia! \ud83d\ude80 En Marketing.VentaCibao.com, aportamos m\u00e1s de una d\u00e9cada y media de experiencia comprobada, dedicada a ayudarte a llegar a tu audiencia ideal en Instagram.<\/span><\/p>\n","protected":false},"featured_media":801,"comment_status":"open","ping_status":"closed","template":"","meta":{"om_disable_all_campaigns":false,"_mi_skip_tracking":false},"product_cat":[185],"product_tag":[165,189,192,196,195,187,193,190,191,198,197,188,194],"aioseo_notices":[],"_links":{"self":[{"href":"https:\/\/marketing.ventacibao.com\/index.php\/wp-json\/wp\/v2\/product\/350"}],"collection":[{"href":"https:\/\/marketing.ventacibao.com\/index.php\/wp-json\/wp\/v2\/product"}],"about":[{"href":"https:\/\/marketing.ventacibao.com\/index.php\/wp-json\/wp\/v2\/types\/product"}],"replies":[{"embeddable":true,"href":"https:\/\/marketing.ventacibao.com\/index.php\/wp-json\/wp\/v2\/comments?post=350"}],"wp:featuredmedia":[{"embeddable":true,"href":"https:\/\/marketing.ventacibao.com\/index.php\/wp-json\/wp\/v2\/media\/801"}],"wp:attachment":[{"href":"https:\/\/marketing.ventacibao.com\/index.php\/wp-json\/wp\/v2\/media?parent=350"}],"wp:term":[{"taxonomy":"product_cat","embeddable":true,"href":"https:\/\/marketing.ventacibao.com\/index.php\/wp-json\/wp\/v2\/product_cat?post=350"},{"taxonomy":"product_tag","embeddable":true,"href":"https:\/\/marketing.ventacibao.com\/index.php\/wp-json\/wp\/v2\/product_tag?post=350"}],"curies":[{"name":"wp","href":"https:\/\/api.w.org\/{rel}","templated":true}]}}