{"id":327,"date":"2024-02-17T13:23:15","date_gmt":"2024-02-17T17:23:15","guid":{"rendered":"https:\/\/marketing.ventacibao.com\/?post_type=product&#038;p=327"},"modified":"2024-06-01T20:00:13","modified_gmt":"2024-06-02T00:00:13","slug":"marketing-para-agregar-2000-espectadores-por-60-minutos-para-twitch","status":"publish","type":"product","link":"https:\/\/marketing.ventacibao.com\/index.php\/product\/marketing-para-agregar-2000-espectadores-por-60-minutos-para-twitch\/","title":{"rendered":"Marketing para agregar (2000 Espectadores por 60 minutos para Twitch)"},"content":{"rendered":"<h3><span style=\"color: #000000;\"><strong>2000 Espectadores por 60 minutos para Twitch<\/strong><\/span><\/h3>\n<p><span style=\"font-weight: 400;\">En Marketing.VentaCibao.com, entendemos los desaf\u00edos y oportunidades \u00fanicos que enfrentan los streamers de Twitch al construir su presencia en l\u00ednea. Nuestro dedicado equipo de expertos en marketing se compromete a brindar soporte personalizado para elevar su canal de Twitch y fomentar un crecimiento sustancial. Desde campa\u00f1as estrat\u00e9gicas en redes sociales hasta participaci\u00f3n de audiencias espec\u00edficas, ofrecemos un conjunto integral de servicios dise\u00f1ados para mejorar su visibilidad y conectarse con su audiencia objetivo. Con nuestra trayectoria comprobada en la comunidad de juegos y streaming, aportamos una gran experiencia para ayudarte a navegar en el panorama competitivo y destacar en el abarrotado mundo de Twitch. Perm\u00edtanos ser su socio en el \u00e9xito, gui\u00e1ndose a trav\u00e9s de estrategias de marketing efectivas no solo para aumentar su audiencia sino tambi\u00e9n para crear un impacto duradero en su viaje en Twitch&#8221;.<\/span><\/p>\n<p><span style=\"font-weight: 400;\">Tambi\u00e9n tenemos una relaci\u00f3n s\u00f3lida con la comunidad de streamers desde 2010, al comienzo del boom. Cuando la gente no pod\u00eda entender lo que estaba pasando. Estuvimos en cada evento creando una base de datos de personas incre\u00edbles que han crecido hasta crear un negocio a partir de su tiempo de diversi\u00f3n. Ese tambi\u00e9n puedes ser t\u00fa, con el lanzamiento constante de nuevos juegos, aqu\u00ed hay comida para todos. Lo llamamos la fiebre del oro tecnol\u00f3gico de nuestro tiempo. Tenemos acceso a centros de llamadas, jugadores, espectadores, seguidores y mucho m\u00e1s. Somos la marca detr\u00e1s de mi plataforma diferente, muchos sitios web diferentes y estamos contentos a nivel mundial. Has venido a crecer y a formar parte de Marketing.VentaCibao.com, uno de nuestros muchos sitios web que est\u00e1 cambiando la forma en que se distribuyen los medios.<\/span><\/p>\n<p>Espectadores<\/p>\n<p>\u23f0 Inicio: 0 \u2013 30 Minutos<br \/>\n\ud83d\udc8e Calidad: Espectadores Reales<br \/>\n\ud83c\udf0e Origen: Todos los Pa\u00edses<\/p>\n<p><b>\u26a0 Importante:\u00a0<\/b><\/p>\n<ol>\n<li style=\"font-weight: 400;\" aria-level=\"1\"><span style=\"font-weight: 400;\">El canal debe ser <\/span><b>P\u00fablico.<\/b><\/li>\n<\/ol>\n<p><span style=\"font-weight: 400;\">Primero usted debe estar en su <\/span><b>Streaming<\/b><span style=\"font-weight: 400;\"> antes de solicitar nuestro servicio y entonces visite nuestra p\u00e1gina web <\/span><b>Marketing.VentaCibao.com<\/b><span style=\"font-weight: 400;\"> y realiza tu compra de marketing para que nosotros podamos realizar la entrega de los espectadores. Progr\u00e1mese para si vas a estremar con nuestro paquete de una hora planificarse para una hora y media.\u00a0 Para darnos los 0 &#8211; 30 minutos para que nuestros afiliados comiencen a apoyarlos en vivo. Nota: todos nuestros afiliados est\u00e1n trabajando en su proyectos in no van a participar con su Chat s\u00f3lo ser\u00e1n espectadores y eso le traer\u00e1 otras persona que quiz\u00e1s charlen con ustedes pero nosotros no hacemos eso. \u00a0 Esto es bueno para esos de ustedes que desean monetizar su stream en la plataforma de twitch especialmente con las ofertas especiales que Twitch est\u00e1 ofreciendo en estos momentos. <\/span><\/p>\n","protected":false},"excerpt":{"rendered":"<h3><span style=\"color: #000000;\"><strong>2000 Espectadores por 60 minutos para Twitch<\/strong><\/span><\/h3>\n<p><span style=\"font-weight: 400;\">Primero usted debe estar en su <\/span><b>Streaming<\/b><span style=\"font-weight: 400;\"> antes de solicitar nuestro servicio y entonces visite nuestra p\u00e1gina web <\/span><b>Marketing.VentaCibao.com<\/b><span style=\"font-weight: 400;\"> y realiza tu compra de marketing para que nosotros podemos realizar la entrega de los espectadores. Progr\u00e1mese para si vas a estremar con nuestro paquete de una hora planificarse para una hora y media.\u00a0 Para darnos los 0 &#8211; 30 minutos para que nuestros afiliados comiencen a apoyarlos en vivo. Nota: todos nuestros afiliados est\u00e1n trabajando en su proyectos in no van a participar con su Chat s\u00f3lo ser\u00e1n espectadores y eso le traer\u00e1 otras persona que quiz\u00e1s charlen con ustedes pero nosotros no hacemos eso. \u00a0 Esto es bueno para esos de ustedes que desean monetizar su stream en la plataforma de twitch especialmente con las ofertas especiales que Twitch est\u00e1 ofreciendo en estos momentos.<\/span><\/p>\n","protected":false},"featured_media":286,"comment_status":"open","ping_status":"closed","template":"","meta":{"om_disable_all_campaigns":false,"_mi_skip_tracking":false},"product_cat":[140,139],"product_tag":[165,167,170,174,173,164,171,169,176,175,166,168,172],"aioseo_notices":[],"_links":{"self":[{"href":"https:\/\/marketing.ventacibao.com\/index.php\/wp-json\/wp\/v2\/product\/327"}],"collection":[{"href":"https:\/\/marketing.ventacibao.com\/index.php\/wp-json\/wp\/v2\/product"}],"about":[{"href":"https:\/\/marketing.ventacibao.com\/index.php\/wp-json\/wp\/v2\/types\/product"}],"replies":[{"embeddable":true,"href":"https:\/\/marketing.ventacibao.com\/index.php\/wp-json\/wp\/v2\/comments?post=327"}],"wp:featuredmedia":[{"embeddable":true,"href":"https:\/\/marketing.ventacibao.com\/index.php\/wp-json\/wp\/v2\/media\/286"}],"wp:attachment":[{"href":"https:\/\/marketing.ventacibao.com\/index.php\/wp-json\/wp\/v2\/media?parent=327"}],"wp:term":[{"taxonomy":"product_cat","embeddable":true,"href":"https:\/\/marketing.ventacibao.com\/index.php\/wp-json\/wp\/v2\/product_cat?post=327"},{"taxonomy":"product_tag","embeddable":true,"href":"https:\/\/marketing.ventacibao.com\/index.php\/wp-json\/wp\/v2\/product_tag?post=327"}],"curies":[{"name":"wp","href":"https:\/\/api.w.org\/{rel}","templated":true}]}}