{"id":295,"date":"2024-02-16T21:47:35","date_gmt":"2024-02-17T01:47:35","guid":{"rendered":"https:\/\/marketing.ventacibao.com\/?post_type=product&#038;p=295"},"modified":"2024-06-01T20:00:12","modified_gmt":"2024-06-02T00:00:12","slug":"marketing-para-conseguir-50-seguidores","status":"publish","type":"product","link":"https:\/\/marketing.ventacibao.com\/index.php\/product\/marketing-para-conseguir-50-seguidores\/","title":{"rendered":"Marketing para conseguir o  (Agregar 50 seguidores)"},"content":{"rendered":"<h4><span style=\"color: #99ccff;\"><strong>Marketing para conseguir o (Agregar 50 seguidores)<\/strong><\/span><\/h4>\n<p><span style=\"color: #000000;\"><strong>Necesitas ayuda para conseguir seguidores, no hay problema, d\u00e9janos comenzar con el marketing en tu nombre para conseguir seguidores para tu canal de Twitch. Garantizamos nuestro trabajo cumpliendo nuestra promesa: \u00a1comience con algo peque\u00f1o y luego vaya a lo grande! Y poco despu\u00e9s acumular\u00e1s nuevos seguidores. Porque te ganar\u00e1s la confianza de los fan\u00e1ticos de las redes sociales de todo el mundo.<\/strong><\/span><\/p>\n<p><span style=\"font-weight: 400;\">\u23f0<span style=\"color: #000000;\"><strong> Inicio de Entrega: Desde 0 Horas hasta 2 D\u00edas\u00a0<\/strong><\/span><\/span><\/p>\n<p><span style=\"color: #000000;\"><strong>\u26a1 Velocidad de Entrega: 0 hasta 5 mil por d\u00eda<\/strong><\/span><\/p>\n<p><span style=\"color: #000000;\"><strong>\ud83d\udc8e Calidad: Seguidores Reales<\/strong><\/span><\/p>\n<p><span style=\"color: #000000;\"><strong>\u267b\ufe0f Garant\u00eda: 30 d\u00edas<\/strong><\/span><\/p>\n<p><span style=\"color: #000000;\"><strong>\ud83c\udf0a Disminuci\u00f3n: Sin Ca\u00edda<\/strong><\/span><\/p>\n<p><span style=\"color: #000000;\"><strong>\ud83c\udf0e Origen: Todos los Pa\u00edses<\/strong><\/span><\/p>\n<p>&nbsp;<\/p>\n","protected":false},"excerpt":{"rendered":"<h4><span style=\"color: #99ccff;\"><strong>Marketing para conseguir o (Agregar 50 seguidores)<\/strong><\/span><\/h4>\n<p><span style=\"color: #000000;\"><strong>Necesitas ayuda para conseguir seguidores, no hay problema, d\u00e9janos comenzar con el marketing en tu nombre para conseguir seguidores para tu canal de Twitch. Garantizamos nuestro trabajo cumpliendo nuestra promesa: \u00a1comience con algo peque\u00f1o y luego vaya a lo grande! Y poco despu\u00e9s acumular\u00e1s nuevos seguidores. Porque te ganar\u00e1s la confianza de los fan\u00e1ticos de las redes sociales de todo el mundo.<\/strong><\/span><\/p>\n","protected":false},"featured_media":234,"comment_status":"open","ping_status":"closed","template":"","meta":{"om_disable_all_campaigns":false,"_mi_skip_tracking":false},"product_cat":[141,139],"product_tag":[150,156,147,148,143,149,142,145,144,153,154,157,158,159,151,152,155,146],"aioseo_notices":[],"_links":{"self":[{"href":"https:\/\/marketing.ventacibao.com\/index.php\/wp-json\/wp\/v2\/product\/295"}],"collection":[{"href":"https:\/\/marketing.ventacibao.com\/index.php\/wp-json\/wp\/v2\/product"}],"about":[{"href":"https:\/\/marketing.ventacibao.com\/index.php\/wp-json\/wp\/v2\/types\/product"}],"replies":[{"embeddable":true,"href":"https:\/\/marketing.ventacibao.com\/index.php\/wp-json\/wp\/v2\/comments?post=295"}],"wp:featuredmedia":[{"embeddable":true,"href":"https:\/\/marketing.ventacibao.com\/index.php\/wp-json\/wp\/v2\/media\/234"}],"wp:attachment":[{"href":"https:\/\/marketing.ventacibao.com\/index.php\/wp-json\/wp\/v2\/media?parent=295"}],"wp:term":[{"taxonomy":"product_cat","embeddable":true,"href":"https:\/\/marketing.ventacibao.com\/index.php\/wp-json\/wp\/v2\/product_cat?post=295"},{"taxonomy":"product_tag","embeddable":true,"href":"https:\/\/marketing.ventacibao.com\/index.php\/wp-json\/wp\/v2\/product_tag?post=295"}],"curies":[{"name":"wp","href":"https:\/\/api.w.org\/{rel}","templated":true}]}}