{"id":207,"date":"2024-02-15T10:00:17","date_gmt":"2024-02-15T14:00:17","guid":{"rendered":"https:\/\/marketing.ventacibao.com\/?post_type=product&#038;p=207"},"modified":"2024-02-20T10:03:13","modified_gmt":"2024-02-20T14:03:13","slug":"marketing-para-ganar-suscriptores-para-tu-canal-de-youtube-campana-de-agregar-4000suscriptores-a-mi-canal","status":"publish","type":"product","link":"https:\/\/marketing.ventacibao.com\/index.php\/product\/marketing-para-ganar-suscriptores-para-tu-canal-de-youtube-campana-de-agregar-4000suscriptores-a-mi-canal\/","title":{"rendered":"Marketing para ganar Suscriptores para tu canal de YouTube campa\u00f1a de agregar (4000suscriptores) a mi canal"},"content":{"rendered":"<h4><span style=\"color: #99ccff;\"><strong>YouTube campa\u00f1a de agregar (4000 suscriptores) a mi canal<\/strong><\/span><\/h4>\n<p><span style=\"font-weight: 400;\">\u00a1Maximiza tu contenido! Consigue, Marketing Suscriptores para tu canal de YouTube. Descubre c\u00f3mo tus creaciones pueden volverse irresistibles, d\u00e1ndote credibilidad mediante vistas mirando tu contenido y la cantidad de <\/span><b>suscriptores<\/b><span style=\"font-weight: 400;\"> para el crecimiento de tu canal y v\u00eddeo(s), en un <span style=\"color: #000000;\"><strong>tiempo<\/strong><\/span> r\u00e9cord real. Entre m\u00e1s suscriptores tienes en tu canal son igual o m\u00e1s importantes para poder monetizar tu canal. Es como el viejo dicho: \u201csin suscriptores tu plataforma de YouTube no tiene credibilidad y no hay chamba, dinero. Nos es bueno que tus espectadores vean pocos suscriptores. Porque para ellos eso significa que el tu canal est\u00e1 en su etapa nueva y t\u00fa est\u00e1s aprendiendo. Esto transmite un mensaje negativo para los potenciales seguidores.\u00a0<\/span><\/p>\n<p>&nbsp;<\/p>\n<p><span style=\"font-weight: 400;\">\u00bfEst\u00e1s listo para ver tu canal incrementar y unirte a los otros que ya no trabajan de 9 a 5 en un c\u00edrculo vicioso como una pesadilla que no tiene final y todos los dia tu vas mas para tras, viviendo de cheque a cheque.\u00a0 D\u00e9janos ayudarte a crecer y despu\u00e9s tus videos van a encontrar personas en tu niche. Ah\u00ed es cuando tu canal comienza a despegar hacia el \u00e9xito? \u00a1No esperes m\u00e1s, empieza a conquistar YouTube ahora mismo! Con el equipo de marketing m\u00e1s duro que hay en las plataformas de redes sociales.\u00a0<\/span><\/p>\n<p>&nbsp;<\/p>\n<p><span style=\"font-weight: 400;\">Para m\u00e1s informaci\u00f3n revise nuestro PMF\u2019s (FAQ\u2019s).\u00a0 \u00a0 Nosotros tenemos cientos de miles de miembros de redes sociales que ayudan a los canales que necesitan apoyo para crecer. Esta red de personas como usted Y como yo est\u00e1n listo para servirte porque saben lo que significa todo tu trabajo, sin ning\u00fan beneficio econ\u00f3mico. Cuando usted usa nuestros servicios de marketing online nosotros nos encargamos de pedir el apoyo de la multitud de influencers y espectadores.\u00a0<\/span><\/p>\n<p><span style=\"font-weight: 400;\">El trabajo de nosotros es seguir arriba de ellos, hasta que se cumpla el proyecto de usted. No importa lo peque\u00f1a o grande que sea su necesidad. Y entregamos todos los proyectos un cien por ciento de todas las necesidades de nuestros clientes siempre!<\/span><\/p>\n<p>&nbsp;<\/p>\n<p><span style=\"font-weight: 400;\">Descripci\u00f3n del Servicio:<\/span><\/p>\n<p><span style=\"font-weight: 400;\">\u23f0 Inicio de Entrega: <span style=\"color: #000000;\"><strong>0 &#8211; 36<\/strong> <\/span>Horas<\/span><\/p>\n<p><span style=\"font-weight: 400;\">\ud83d\udc0c Crecimiento B\u00e1sico: <span style=\"color: #000000;\"><strong>50 \u2013 150<\/strong><\/span> al d\u00eda (por d\u00eda)<\/span><\/p>\n<p><span style=\"font-weight: 400;\">\ud83d\udc8e Calidad: Suscriptores Reales<\/span><\/p>\n<p><span style=\"font-weight: 400;\">\u267b\ufe0f Garant\u00eda: 30 d\u00edas<\/span><\/p>\n<p><span style=\"font-weight: 400;\">\ud83c\udf0a Disminuci\u00f3n: 0-5%<\/span><\/p>\n<p><span style=\"font-weight: 400;\">\ud83c\udf0e Origen: Todos los Pa\u00edses<\/span><\/p>\n<p>&nbsp;<\/p>\n<p><strong><span style=\"color: #ff0000;\">El canal debe ser P\u00fablico.\u00a0Debe haber al menos 1 video en el Canal y el video debe durar al menos 3 minutos. Recomendamos 10 videos o mas para mejor visibilidad y maduraci\u00f3n de canal. <\/span><\/strong><\/p>\n","protected":false},"excerpt":{"rendered":"<h4><span style=\"color: #99ccff;\"><strong>YouTube campa\u00f1a de agregar (4000 suscriptores) a mi canal<\/strong><\/span><\/h4>\n<p><span style=\"font-weight: 400;\">\u00a1Maximiza tu contenido! Consigue, Marketing Suscriptores para tu canal de YouTube. Descubre c\u00f3mo tus creaciones pueden volverse irresistibles, d\u00e1ndote credibilidad mediante vistas mirando tu contenido y la cantidad de <\/span><b>suscriptores<\/b><span style=\"font-weight: 400;\"> para el crecimiento de tu canal y v\u00eddeo(s), en un tiempo r\u00e9cord real. Entre m\u00e1s suscriptores tienes en tu canal son igual o m\u00e1s importantes para poder monetizar tu canal. Es como el viejo dicho: \u201csin suscriptores tu plataforma de YouTube no tiene credibilidad y no hay chamba, dinero. Nos es bueno que tus espectadores vean pocos suscriptores. Porque para ellos eso significa que el tu canal est\u00e1 en su etapa nueva y t\u00fa est\u00e1s aprendiendo. Esto transmite un mensaje negativo para los potenciales seguidores.\u00a0<\/span><\/p>\n","protected":false},"featured_media":193,"comment_status":"open","ping_status":"closed","template":"","meta":{"om_disable_all_campaigns":false,"_mi_skip_tracking":false},"product_cat":[15,138],"product_tag":[119,136,134,124,50,127,128,137,121,126,135,122,36,125,129,123,133,130,39,132,120,131],"aioseo_notices":[],"_links":{"self":[{"href":"https:\/\/marketing.ventacibao.com\/index.php\/wp-json\/wp\/v2\/product\/207"}],"collection":[{"href":"https:\/\/marketing.ventacibao.com\/index.php\/wp-json\/wp\/v2\/product"}],"about":[{"href":"https:\/\/marketing.ventacibao.com\/index.php\/wp-json\/wp\/v2\/types\/product"}],"replies":[{"embeddable":true,"href":"https:\/\/marketing.ventacibao.com\/index.php\/wp-json\/wp\/v2\/comments?post=207"}],"wp:featuredmedia":[{"embeddable":true,"href":"https:\/\/marketing.ventacibao.com\/index.php\/wp-json\/wp\/v2\/media\/193"}],"wp:attachment":[{"href":"https:\/\/marketing.ventacibao.com\/index.php\/wp-json\/wp\/v2\/media?parent=207"}],"wp:term":[{"taxonomy":"product_cat","embeddable":true,"href":"https:\/\/marketing.ventacibao.com\/index.php\/wp-json\/wp\/v2\/product_cat?post=207"},{"taxonomy":"product_tag","embeddable":true,"href":"https:\/\/marketing.ventacibao.com\/index.php\/wp-json\/wp\/v2\/product_tag?post=207"}],"curies":[{"name":"wp","href":"https:\/\/api.w.org\/{rel}","templated":true}]}}