{"id":78,"date":"2024-02-11T22:02:14","date_gmt":"2024-02-12T02:02:14","guid":{"rendered":"https:\/\/marketing.ventacibao.com\/?page_id=78"},"modified":"2024-02-12T14:49:55","modified_gmt":"2024-02-12T18:49:55","slug":"terminos-y-condiciones","status":"publish","type":"page","link":"https:\/\/marketing.ventacibao.com\/index.php\/terminos-y-condiciones\/","title":{"rendered":"Terminos Y Condiciones"},"content":{"rendered":"\n\n\t<p><b>Premisa<\/b><\/p>\n<p>Este sitio web, Marketing.VentaCibao.com, es el operador de los servicios que se ofrecen. Los siguientes son los t\u00e9rminos y condiciones obligatorios para el uso de los servicios a los que el usuario podr\u00e1 acceder, seg\u00fan lo establecido y establecido por la legislaci\u00f3n vigente en la materia, incluido el Decreto Legislativo 70\/2003 que implement\u00f3 la directiva de la UE 200\/31 \/ CE sobre comercio electr\u00f3nico.<\/p>\n<p>Al acceder o utilizar el sitio web, usted acepta haber le\u00eddo, entendido y estar sujeto a los T\u00e9rminos descritos. Se especifica que los T\u00e9rminos son un acuerdo legal que controla el uso del sitio web por parte de los visitantes y usuarios de los servicios, por lo tanto, al realizar la compra de los productos ofrecidos en este sitio, los t\u00e9rminos y condiciones enumerados en este se aceptar\u00e1n autom\u00e1ticamente.<\/p>\n<p><b>Qui\u00e9n puede usar el sitio web<\/b><\/p>\n<p>Para utilizar nuestro sitio web y\/o recibir nuestros servicios, el usuario debe ser mayor de 18 a\u00f1os o haber alcanzado la mayor\u00eda de edad definida en el estado o jurisdicci\u00f3n del usuario, y poseer la autoridad legal, el derecho y la libertad de celebrar un acuerdo vinculante con estos T\u00e9rminos. No est\u00e1 permitido usar este sitio web y\/o recibir los servicios prestados si esto est\u00e1 prohibido en su propio pa\u00eds o de acuerdo con cualquier ley o regulaci\u00f3n aplicable al usuario. En caso de no cumplir con esta condici\u00f3n, el Propietario queda exonerado de toda responsabilidad.<\/p>\n<p><b>El servicio<\/b><\/p>\n<p>Marketing.VentaCibao.com ofrece al usuario la oportunidad de aumentar las interacciones y la visibilidad de su cuenta en Instagram y otras redes sociales principales.<\/p>\n<p>Para acceder al servicio, el usuario puede proporcionar un enlace vinculado al perfil, foto o contenido que desee promocionar\/publicitar. No se utilizar\u00e1n las credenciales de Instagram u otras redes sociales.<\/p>\n<p>Para que el servicio solicitado se active, el usuario debe hacer p\u00fablico su perfil.<\/p>\n<p>Al acceder a la p\u00e1gina de pago, el usuario deber\u00e1 completar un campo obligatorio con la solicitud espec\u00edfica para la prestaci\u00f3n del servicio elegido, el cual ser\u00e1 procesado.<\/p>\n<p>TENGA EN CUENTA que el usuario ser\u00e1 directamente responsable de cualquier inserci\u00f3n incorrecta, lo cual no permitir\u00e1 solicitar ning\u00fan reembolso. En ese caso, ser\u00e1 necesario realizar un nuevo pedido para el servicio solicitado (por ejemplo, env\u00edo incorrecto de un enlace de una foto para la adquisici\u00f3n de seguidores).<\/p>\n<p>&nbsp;<\/p>\n<p>Prestaci\u00f3n de servicios y condiciones comerciales<\/p>\n<p>Despu\u00e9s de la ejecuci\u00f3n del pago, el pedido ser\u00e1 procesado de inmediato, enviando la solicitud de compra del producto a los proveedores externos para la entrega del mismo. Este proceso se completar\u00e1 en un plazo de 48 horas, salvo circunstancias imprevistas. Los pedidos iguales o superiores a 1000 (seguidores, me gusta, vistas, etc.) podr\u00edan distribuirse durante varios d\u00edas para no violar las reglas impuestas por Instagram u otras redes sociales.<\/p>\n<p>Dado que el servicio es proporcionado por proveedores externos, una vez solicitado, no se podr\u00e1 bloquear, excepto en casos muy particulares.<\/p>\n<p>En el caso de que el usuario no haga p\u00fablico el perfil seg\u00fan se requiere y contin\u00fae comprando el servicio, no ser\u00e1 posible proporcionarlo ni reembolsarlo.<\/p>\n<p>&nbsp;<\/p>\n<p>Si se brinda el servicio y, durante ese tiempo, hay una disminuci\u00f3n en la cantidad de seguidores o interacciones en comparaci\u00f3n con la cantidad solicitada\/comprada, normalmente se podr\u00e1n restablecer. Una vez que se hayan entregado todos los productos, el cliente tendr\u00e1 un plazo de 30 d\u00edas para solicitar una &#8220;Recarga&#8221; del pedido en caso de que haya desaparecido alguna actividad solicitada. Se recomienda al cliente proporcionar alguna prueba relevante de que esta actividad ha desaparecido, como capturas de pantalla, enviando un correo electr\u00f3nico a contacto@Marketing.VentaCibao.com.<\/p>\n<p>&nbsp;<\/p>\n<p><b>Informaci\u00f3n adicional<\/b><\/p>\n<p>Para cualquier duda sobre los productos, su suministro, etc., el usuario puede solicitar informaci\u00f3n enviando un correo electr\u00f3nico a contacto@Marketing.VentaCibao.com antes de realizar la compra. Al realizar la compra del producto elegido, el usuario acepta: (i) ser responsable de leer las caracter\u00edsticas del producto\/servicio antes de comprometerse con la compra, y (ii) que al realizar el pago se est\u00e1 celebrando un contrato legalmente vinculante para la compra de un producto\/servicio, el cual normalmente no permite un reembolso.<\/p>\n<p>&nbsp;<\/p>\n<p>Se especifica que el servicio se proporcionar\u00e1 s\u00f3lo para el enlace indicado. En caso de que el usuario decida insertar m\u00e1s enlaces, Marketing.VentaCibao.com tendr\u00e1 derecho a elegir entre los enlaces proporcionados. Si el usuario compra m\u00e1s paquetes en el mismo pedido, en este caso se podr\u00e1n insertar m\u00e1s enlaces, los cuales deben estar relacionados con el producto adquirido.<\/p>\n<p>&nbsp;<\/p>\n<p>Estos t\u00e9rminos y condiciones son aplicables a todos los usuarios que accedan y utilicen el sitio web Marketing.VentaCibao.com y los servicios ofrecidos en \u00e9l. Al utilizar el sitio web y\/o realizar una compra de los productos, se entiende que el usuario ha le\u00eddo, comprendido y aceptado plenamente estos t\u00e9rminos y condiciones.<\/p>\n<p>&nbsp;<\/p>\n<p><b>Precios<\/b><\/p>\n<p>Los precios de los servicios y productos se enumeran en el sitio web de Marketing.VentaCibao.com. Nos reservamos el derecho de cambiar los precios de los productos que se muestran en cualquier momento y corregir los errores de precios que puedan ocurrir inadvertidamente. Puede encontrar m\u00e1s informaci\u00f3n sobre precios e impuestos sobre ventas en la p\u00e1gina de pagos.<\/p>\n<p>&nbsp;<\/p>\n<p>La tarifa por los servicios y cualquier otro gasto en el que pueda incurrir el usuario, como impuestos y posibles costos de transacci\u00f3n, se cobrar\u00e1n como se indica y si se indica.<\/p>\n<p>&nbsp;<\/p>\n<p><b>Pago<\/b><\/p>\n<p>Para finalizar y confirmar la compra de los servicios ofrecidos en Marketing.VentaCibao.com, los pagos deben procesarse a trav\u00e9s de nuestra pasarela de pagos Lib\u00e9lula. Actualmente, solo aceptamos pagos realizados con Tarjetas de Cr\u00e9dito o D\u00e9bito, espec\u00edficamente Visa o Master Card.<\/p>\n<p>&nbsp;<\/p>\n<p><b>Pol\u00edtica de reembolso<\/b><\/p>\n<p>El sitio Marketing.VentaCibao.com ofrece al usuario un servicio irrevocable y abstracto y, por este motivo, no se pueden emitir reembolsos desde el momento en que el pedido supera el estado &#8220;Completado&#8221;. El reembolso se permitir\u00e1 solo en casos de excepcionalidad extrema, luego de una cuidadosa evaluaci\u00f3n y discreci\u00f3n del Propietario.<\/p>\n<p>&nbsp;<\/p>\n<p>Se reitera que si el usuario proporciona un enlace incorrecto en el momento de la inserci\u00f3n, no podr\u00e1 recibir ning\u00fan reembolso, al igual que si proporciona informaci\u00f3n err\u00f3nea que pueda inducir a error al administrador para completar la prestaci\u00f3n del servicio.<\/p>\n<p>&nbsp;<\/p>\n<p>Podemos ofrecer un reembolso completo en dos circunstancias:<\/p>\n<p>&nbsp;<\/p>\n<p>Si la entrega de los productos no se inici\u00f3 en un plazo de 10 d\u00edas despu\u00e9s de haber solicitado el servicio.<\/p>\n<p>&nbsp;<\/p>\n<p>Si el producto entregado no coincide con la descripci\u00f3n.<\/p>\n<p>&nbsp;<\/p>\n<p>El usuario puede esperar recibir un reembolso en un plazo de 30 d\u00edas.<\/p>\n<p>&nbsp;<\/p>\n<p>Reserva del derecho a modificar la oferta<\/p>\n<p>Nos reservamos el derecho, sin previo aviso, a modificar los servicios ofrecidos, dejar de proporcionar servicios o caracter\u00edsticas espec\u00edficas de los servicios, o crear l\u00edmites para los servicios. El acceso a los servicios puede interrumpirse o suspenderse de forma permanente o temporal, sin previo aviso y sin responsabilidad, por cualquier motivo o sin motivo alguno.<\/p>\n<p>Garant\u00edas, reclamaciones y responsabilidades por servicios y productos<\/p>\n<p>Marketing.VentaCibao.com ofrece servicios y productos que se proporcionan al usuario de inmediato o dentro de unas pocas horas despu\u00e9s de la compra. En caso de que el servicio solicitado no se brinde, el usuario puede enviar un correo electr\u00f3nico de queja a: contacto@Marketing.VentaCibao.com para solicitar la ejecuci\u00f3n del servicio. Sin embargo, garantizamos la ejecuci\u00f3n de lo solicitado por el usuario dentro de los l\u00edmites de nuestras responsabilidades, seg\u00fan lo determinado por el resultado que aparece en el tablero que el usuario puede consultar para verificar el estado del pedido y su entrega. Una vez que el pedido est\u00e9 &#8220;Completado&#8221; despu\u00e9s de haber pasado todos los pasos necesarios para su entrega, el servicio se considerar\u00e1 prestado al cliente y, a pedido, se podr\u00e1 demostrar mediante el &#8220;Estado del pedido&#8221;.<\/p>\n<p>&nbsp;<\/p>\n<p><b>Descargo de responsabilidad<\/b><\/p>\n<p>&nbsp;<\/p>\n<p>En la m\u00e1xima medida permitida por la ley aplicable, el Propietario del sitio web en ning\u00fan caso puede ser considerado responsable de da\u00f1os indirectos, punitivos, incidentales, especiales, consecuentes o ejemplares, incluidos, entre otros, da\u00f1os debidos a la p\u00e9rdida de beneficios, buena voluntad, uso, datos u otras p\u00e9rdidas intangibles derivadas o relacionadas con el uso o la imposibilidad de usar el servicio.<\/p>\n<p>&nbsp;<\/p>\n<p>Transacciones y Responsabilidad Relativas a Menores de Edad<\/p>\n<p>Marketing.VentaCibao.com reconoce la importancia de proteger a los menores en el entorno online. Si bien establecemos claramente en nuestros t\u00e9rminos que los usuarios deben ser mayores de 18 a\u00f1os o haber alcanzado la mayor\u00eda de edad en su jurisdicci\u00f3n para usar nuestros servicios, tambi\u00e9n entendemos que los menores pueden intentar realizar transacciones sin el conocimiento o consentimiento de sus tutores legales. Por lo tanto:<\/p>\n<p>Es imperativo que los padres, tutores o representantes legales supervisen y asuman responsabilidad plena por todas las acciones y transacciones realizadas por menores bajo su custodia en Marketing.VentaCibao.com.<\/p>\n<p>Cualquier transacci\u00f3n completada en Marketing.VentaCibao.com, realizada por un menor sin el correspondiente consentimiento parental o del tutor, ser\u00e1 considerada como responsabilidad del tutor legal y no dar\u00e1 lugar a reembolsos o cancelaciones una vez que el servicio haya sido prestado.<\/p>\n<p>&nbsp;<\/p>\n<p>Marketing.VentaCibao.com no se hace responsable de transacciones no autorizadas por tutores legales y declina cualquier responsabilidad derivada de la falta de supervisi\u00f3n o control parental en el uso de nuestro sitio web y servicios.<\/p>\n<p>\u00a0<\/p>\n<p><b>Derecho a modificar los t\u00e9rminos<\/b><\/p>\n<p>El Propietario y el operador de Marketing.VentaCibao.com tienen derecho a realizar cambios en los siguientes t\u00e9rminos, los cuales se comunicar\u00e1n a trav\u00e9s de su publicaci\u00f3n. Nos reservamos el derecho de cambiar estos t\u00e9rminos de vez en cuando a nuestro exclusivo criterio. Por lo tanto, se espera que cada lector y usuario verifique cualquier cambio realizado. El uso continuado del sitio y sus servicios implica la aceptaci\u00f3n de los cambios que se han producido.<\/p>\n<p>&nbsp;<\/p>\n<p>Correo electr\u00f3nico y contenido promocional<\/p>\n<p>Si el servicio est\u00e1 activado, el usuario acepta el env\u00edo de mensajes y materiales promocionales por correo electr\u00f3nico o cualquier otro formulario de contacto que nos pueda proporcionar (incluido su n\u00famero de tel\u00e9fono para llamadas o mensajes de texto). Si el usuario no desea recibir dichos materiales promocionales o avisos, puede informar al equipo de asistencia en cualquier momento a trav\u00e9s de contacto@Marketing.VentaCibao.com.<\/p>\n<p>&nbsp;<\/p>\n<p><b>Pol\u00edtica de privacidad<\/b><\/p>\n<p>&nbsp;<\/p>\n<p>Al hacer clic aqu\u00ed, puede acceder a la pol\u00edtica de privacidad del sitio web de Marketing.VentaCibao.com.<\/p>\n<p>&nbsp;<\/p>\n<p><b>Disputas<\/b><\/p>\n<p>En caso de disputas sobre los servicios, es posible ponerse en contacto con nuestro personal operativo para buscar una soluci\u00f3n amistosa enviando un correo electr\u00f3nico a contacto@Marketing.VentaCibao.com.<\/p>\n<p>&nbsp;<\/p>\n<p>Detalles del servicio al cliente e informaci\u00f3n de contacto<\/p>\n<p>Los usuarios pueden recibir toda la informaci\u00f3n y asistencia sobre los servicios prestados escribiendo un correo electr\u00f3nico a contacto@Marketing.VentaCibao.com.<\/p>\n\n","protected":false},"excerpt":{"rendered":"<p>Premisa Este sitio web, Marketing.VentaCibao.com, es el operador de los servicios que se ofrecen. Los siguientes son los t\u00e9rminos y condiciones obligatorios para el uso de los servicios a los que el usuario podr\u00e1 acceder, seg\u00fan lo establecido y establecido por la legislaci\u00f3n vigente en la materia, incluido el Decreto Legislativo 70\/2003 que implement\u00f3 la [&hellip;]<\/p>\n","protected":false},"author":1,"featured_media":0,"parent":0,"menu_order":0,"comment_status":"closed","ping_status":"closed","template":"template-fullwidth.php","meta":{"om_disable_all_campaigns":false,"_mi_skip_tracking":false,"footnotes":""},"aioseo_notices":[],"_links":{"self":[{"href":"https:\/\/marketing.ventacibao.com\/index.php\/wp-json\/wp\/v2\/pages\/78"}],"collection":[{"href":"https:\/\/marketing.ventacibao.com\/index.php\/wp-json\/wp\/v2\/pages"}],"about":[{"href":"https:\/\/marketing.ventacibao.com\/index.php\/wp-json\/wp\/v2\/types\/page"}],"author":[{"embeddable":true,"href":"https:\/\/marketing.ventacibao.com\/index.php\/wp-json\/wp\/v2\/users\/1"}],"replies":[{"embeddable":true,"href":"https:\/\/marketing.ventacibao.com\/index.php\/wp-json\/wp\/v2\/comments?post=78"}],"version-history":[{"count":2,"href":"https:\/\/marketing.ventacibao.com\/index.php\/wp-json\/wp\/v2\/pages\/78\/revisions"}],"predecessor-version":[{"id":80,"href":"https:\/\/marketing.ventacibao.com\/index.php\/wp-json\/wp\/v2\/pages\/78\/revisions\/80"}],"wp:attachment":[{"href":"https:\/\/marketing.ventacibao.com\/index.php\/wp-json\/wp\/v2\/media?parent=78"}],"curies":[{"name":"wp","href":"https:\/\/api.w.org\/{rel}","templated":true}]}}