{"id":30,"date":"2024-02-10T20:38:07","date_gmt":"2024-02-10T20:38:07","guid":{"rendered":"https:\/\/marketing.ventacibao.com\/?page_id=30"},"modified":"2024-04-24T02:11:40","modified_gmt":"2024-04-24T06:11:40","slug":"homepage","status":"publish","type":"page","link":"https:\/\/marketing.ventacibao.com\/","title":{"rendered":"P\u00e1gina Principal"},"content":{"rendered":"\n<h1>\n\t\tMarketing.Ventacibao.com\n\t<\/h1>\n<h2>\n\t\tEstrategias Impactantes de Marketing en Redes Sociales\n\t<\/h2>\n\t<p><strong>Por favor, toma en cuenta que todos nuestros pedidos son procesados manualmente dentro de nuestro horario de atenci\u00f3n, el cual es de 12:00 a 18:00 (GMT-4) horas, de lunes a viernes. Agradecemos sinceramente tu comprensi\u00f3n y colaboraci\u00f3n. \u00a1Muchas gracias!<\/strong><\/p>\n\t\t\t\t<a href=\"https:\/\/marketing.ventacibao.com\/index.php\/product\/marketing-para-conseguir-50-seguidores\/\" target=\"_blank\" rel=\"noopener\" itemprop=\"url\">\n\t\t\t\t<img loading=\"lazy\" decoding=\"async\" src=\"https:\/\/marketing.ventacibao.com\/wp-content\/uploads\/2024\/03\/100x-50-Twitch-followers.png\" alt=\"100x 50 Twitch followers\" itemprop=\"image\" height=\"150\" width=\"150\" title=\"100x 50 Twitch followers\" onerror=\"this.style.display='none'\"  \/>\n\t\t\t\t<\/a>\n\t\t\t\t<a href=\"https:\/\/marketing.ventacibao.com\/index.php\/product\/1000-visita-de-reels-para-instagram\/\" target=\"_blank\" rel=\"noopener\" itemprop=\"url\">\n\t\t\t\t<img loading=\"lazy\" decoding=\"async\" src=\"https:\/\/marketing.ventacibao.com\/wp-content\/uploads\/2024\/03\/150x-Marketing-Reel-1k.png\" alt=\"150x Marketing Reel 1k\" itemprop=\"image\" height=\"150\" width=\"150\" title=\"150x Marketing Reel 1k\" onerror=\"this.style.display='none'\"  \/>\n\t\t\t\t<\/a>\n\t\t\t\t<a href=\"https:\/\/marketing.ventacibao.com\/index.php\/product\/marketing-para-conseguir-o-agregar-100-seguidores\/\" target=\"_blank\" rel=\"noopener\" itemprop=\"url\">\n\t\t\t\t<img loading=\"lazy\" decoding=\"async\" src=\"https:\/\/marketing.ventacibao.com\/wp-content\/uploads\/2024\/03\/100x-100-Twitch-followers.png\" alt=\"100x 100 Twitch followers\" itemprop=\"image\" height=\"150\" width=\"150\" title=\"100x 100 Twitch followers\" onerror=\"this.style.display='none'\"  \/>\n\t\t\t\t<\/a>\n\t\t\t\t<a href=\"https:\/\/marketing.ventacibao.com\/index.php\/product\/permitanos-aumentar-su-cartera-de-seguidores-en-instagram-agregar-200\/\" target=\"_blank\" rel=\"noopener\" itemprop=\"url\">\n\t\t\t\t<img loading=\"lazy\" decoding=\"async\" src=\"https:\/\/marketing.ventacibao.com\/wp-content\/uploads\/2024\/03\/150x-Seguidores-para-twitch-8.png\" alt=\"150x Seguidores para twitch (8)\" itemprop=\"image\" height=\"150\" width=\"150\" title=\"150x Seguidores para twitch (8)\" onerror=\"this.style.display='none'\"  \/>\n\t\t\t\t<\/a>\n\t\t\t\t<a href=\"https:\/\/marketing.ventacibao.com\/index.php\/product\/marketing-para-agregar-100-espectadores-por-30-minutos-para-twitch\/\" target=\"_blank\" rel=\"noopener\" itemprop=\"url\">\n\t\t\t\t<img loading=\"lazy\" decoding=\"async\" src=\"https:\/\/marketing.ventacibao.com\/wp-content\/uploads\/2024\/03\/100x-30m-espectadores.png\" alt=\"100x 30m espectadores\" itemprop=\"image\" height=\"150\" width=\"150\" title=\"100x 30m espectadores\" onerror=\"this.style.display='none'\"  \/>\n\t\t\t\t<\/a>\n\t\t\t\t<a href=\"https:\/\/marketing.ventacibao.com\/index.php\/product\/marketing-para-ganar-suscriptores-para-tu-canal-de-youtube-campana-de-agregar-100suscriptores-a-mi-canal\/\" target=\"_blank\" rel=\"noopener\" itemprop=\"url\">\n\t\t\t\t<img loading=\"lazy\" decoding=\"async\" src=\"https:\/\/marketing.ventacibao.com\/wp-content\/uploads\/2024\/03\/100x-100-subs.png\" alt=\"100x 100 subs\" itemprop=\"image\" height=\"150\" width=\"150\" title=\"100x 100 subs\" onerror=\"this.style.display='none'\"  \/>\n\t\t\t\t<\/a>\n\t\t\t\t<a href=\"https:\/\/marketing.ventacibao.com\/index.php\/product\/permitanos-aumentar-su-cartera-de-seguidores-en-instagram-agregar-500\/\" target=\"_blank\" rel=\"noopener\" itemprop=\"url\">\n\t\t\t\t<img loading=\"lazy\" decoding=\"async\" src=\"https:\/\/marketing.ventacibao.com\/wp-content\/uploads\/2024\/02\/Seguidores-para-twitch-7.jpg\" alt=\"Seguidores para twitch (7)\" itemprop=\"image\" height=\"400\" width=\"400\" title=\"Seguidores para twitch (7)\" onerror=\"this.style.display='none'\"  \/>\n\t\t\t\t<\/a>\n\t\t\t\t<a href=\"https:\/\/marketing.ventacibao.com\/index.php\/product\/marketing-para-ganar-suscriptores-para-tu-canal-de-youtube-campana-de-agregar-200suscriptores-a-mi-canal\/\" target=\"_blank\" rel=\"noopener\" itemprop=\"url\">\n\t\t\t\t<img loading=\"lazy\" decoding=\"async\" src=\"https:\/\/marketing.ventacibao.com\/wp-content\/uploads\/2024\/03\/100x-200-subs.png\" alt=\"100x 200 subs\" itemprop=\"image\" height=\"150\" width=\"150\" title=\"100x 200 subs\" onerror=\"this.style.display='none'\"  \/>\n\t\t\t\t<\/a>\n\t\t\t\t<a href=\"https:\/\/marketing.ventacibao.com\/index.php\/product\/5000-visita-de-reels-para-instagram\/\" target=\"_blank\" rel=\"noopener\" itemprop=\"url\">\n\t\t\t\t<img loading=\"lazy\" decoding=\"async\" src=\"https:\/\/marketing.ventacibao.com\/wp-content\/uploads\/2024\/03\/150x-Marketing-Reel-5k.png\" alt=\"150x Marketing Reel 5k\" itemprop=\"image\" height=\"150\" width=\"150\" title=\"150x Marketing Reel 5k\" onerror=\"this.style.display='none'\"  \/>\n\t\t\t\t<\/a>\n\t\t\t\t<a href=\"https:\/\/marketing.ventacibao.com\/index.php\/product\/marketing-para-conseguir-o-agregar-200-seguidores\/\" target=\"_blank\" rel=\"noopener\" itemprop=\"url\">\n\t\t\t\t<img loading=\"lazy\" decoding=\"async\" src=\"https:\/\/marketing.ventacibao.com\/wp-content\/uploads\/2024\/03\/100x-200-Twitch-followers.png\" alt=\"100x 200 Twitch followers\" itemprop=\"image\" height=\"150\" width=\"150\" title=\"100x 200 Twitch followers\" onerror=\"this.style.display='none'\"  \/>\n\t\t\t\t<\/a>\n\t\t\t\t<a href=\"https:\/\/marketing.ventacibao.com\/index.php\/product\/marketing-para-ganar-suscriptores-para-tu-canal-de-youtube-campana-de-agregar-300suscriptores-a-mi-canal\/\" target=\"_blank\" rel=\"noopener\" itemprop=\"url\">\n\t\t\t\t<img loading=\"lazy\" decoding=\"async\" src=\"https:\/\/marketing.ventacibao.com\/wp-content\/uploads\/2024\/03\/100x-300-subs.png\" alt=\"100x 300 subs\" itemprop=\"image\" height=\"150\" width=\"150\" title=\"100x 300 subs\" onerror=\"this.style.display='none'\"  \/>\n\t\t\t\t<\/a>\n\t\t\t\t<a href=\"https:\/\/marketing.ventacibao.com\/index.php\/product\/marketing-para-agregar-100-espectadores-por-60-minutos-para-twitch\/\" target=\"_blank\" rel=\"noopener\" itemprop=\"url\">\n\t\t\t\t<img loading=\"lazy\" decoding=\"async\" src=\"https:\/\/marketing.ventacibao.com\/wp-content\/uploads\/2024\/03\/100x-60m-espectadores.png\" alt=\"100x 60m espectadores\" itemprop=\"image\" height=\"150\" width=\"150\" title=\"100x 60m espectadores\" onerror=\"this.style.display='none'\"  \/>\n\t\t\t\t<\/a>\n\t\t\t\t<a href=\"https:\/\/marketing.ventacibao.com\/index.php\/product\/permitanos-aumentar-su-cartera-de-seguidores-en-facebook-agregar-200\/\" target=\"_blank\" rel=\"noopener\" itemprop=\"url\">\n\t\t\t\t<img loading=\"lazy\" decoding=\"async\" src=\"https:\/\/marketing.ventacibao.com\/wp-content\/uploads\/2024\/03\/Facebook-seguidores-200.png\" alt=\"Facebook seguidores 200\" itemprop=\"image\" height=\"150\" width=\"150\" title=\"Facebook seguidores 200\" onerror=\"this.style.display='none'\"  \/>\n\t\t\t\t<\/a>\n\t\t\t\t<a href=\"https:\/\/marketing.ventacibao.com\/index.php\/product\/permitanos-aumentar-su-cartera-de-seguidores-en-facebook-agregar-300\/\" target=\"_blank\" rel=\"noopener\" itemprop=\"url\">\n\t\t\t\t<img loading=\"lazy\" decoding=\"async\" src=\"https:\/\/marketing.ventacibao.com\/wp-content\/uploads\/2024\/03\/Facebook-seguidores-300.png\" alt=\"Facebook seguidores 300\" itemprop=\"image\" height=\"150\" width=\"150\" title=\"Facebook seguidores 300\" onerror=\"this.style.display='none'\"  \/>\n\t\t\t\t<\/a>\n\t\t\t\t<a href=\"https:\/\/marketing.ventacibao.com\/index.php\/product\/permitanos-aumentar-su-cartera-de-seguidores-en-facebook-agregar-400\/\" target=\"_blank\" rel=\"noopener\" itemprop=\"url\">\n\t\t\t\t<img loading=\"lazy\" decoding=\"async\" src=\"https:\/\/marketing.ventacibao.com\/wp-content\/uploads\/2024\/03\/Facebook-seguidores-400.png\" alt=\"Facebook seguidores 400\" itemprop=\"image\" height=\"150\" width=\"150\" title=\"Facebook seguidores 400\" onerror=\"this.style.display='none'\"  \/>\n\t\t\t\t<\/a>\n\t\t\t\t<a href=\"https:\/\/marketing.ventacibao.com\/index.php\/product\/permitanos-aumentar-su-cartera-de-seguidores-en-facebook-agregar-500\/\" target=\"_blank\" rel=\"noopener\" itemprop=\"url\">\n\t\t\t\t<img loading=\"lazy\" decoding=\"async\" src=\"https:\/\/marketing.ventacibao.com\/wp-content\/uploads\/2024\/03\/Facebook-seguidores-500.png\" alt=\"Facebook seguidores 500\" itemprop=\"image\" height=\"150\" width=\"150\" title=\"Facebook seguidores 500\" onerror=\"this.style.display='none'\"  \/>\n\t\t\t\t<\/a>\n\t\t\t\t<a href=\"https:\/\/marketing.ventacibao.com\/index.php\/product\/permitanos-aumentar-su-cartera-de-seguidores-en-instagram-agregar-1000\/\" target=\"_blank\" rel=\"noopener\" itemprop=\"url\">\n\t\t\t\t<img loading=\"lazy\" decoding=\"async\" src=\"https:\/\/marketing.ventacibao.com\/wp-content\/uploads\/2024\/03\/150x-Seguidores-para-twitch-6.png\" alt=\"150x Seguidores para twitch (6)\" itemprop=\"image\" height=\"150\" width=\"150\" title=\"150x Seguidores para twitch (6)\" onerror=\"this.style.display='none'\"  \/>\n\t\t\t\t<\/a>\n\t\t\t\t<a href=\"https:\/\/marketing.ventacibao.com\/?s=youtube+suscriptores\" target=\"_blank\" rel=\"noopener\" itemprop=\"url\">\n\t\t\t\t<img loading=\"lazy\" decoding=\"async\" src=\"https:\/\/marketing.ventacibao.com\/wp-content\/uploads\/2024\/03\/100x-Marketing-Suscriptores.png\" alt=\"100x Marketing Suscriptores\" itemprop=\"image\" height=\"150\" width=\"150\" title=\"100x Marketing Suscriptores\" onerror=\"this.style.display='none'\"  \/>\n\t\t\t\t<\/a>\n\t\t\t\t<a href=\"https:\/\/marketing.ventacibao.com\/?s=marketing+horas+youtube\" target=\"_blank\" rel=\"noopener\" itemprop=\"url\">\n\t\t\t\t<img loading=\"lazy\" decoding=\"async\" src=\"https:\/\/marketing.ventacibao.com\/wp-content\/uploads\/2024\/03\/100x-Marketing-Likes.png\" alt=\"100x Marketing Likes\" itemprop=\"image\" height=\"150\" width=\"150\" title=\"100x Marketing Likes\" onerror=\"this.style.display='none'\"  \/>\n\t\t\t\t<\/a>\n\t\t\t\t<a href=\"https:\/\/marketing.ventacibao.com\/?s=marketing+likes+youtube\" target=\"_blank\" rel=\"noopener\" itemprop=\"url\">\n\t\t\t\t<img loading=\"lazy\" decoding=\"async\" src=\"https:\/\/marketing.ventacibao.com\/wp-content\/uploads\/2024\/03\/100x-Marketing-Likes-2.png\" alt=\"100x Marketing Likes (2)\" itemprop=\"image\" height=\"150\" width=\"150\" title=\"100x Marketing Likes (2)\" onerror=\"this.style.display='none'\"  \/>\n\t\t\t\t<\/a>\n\t\t\t\t<a href=\"https:\/\/marketing.ventacibao.com\/index.php\/product\/1000-visitas-para-tu-canal\/\" target=\"_blank\" rel=\"noopener\" itemprop=\"url\">\n\t\t\t\t<img loading=\"lazy\" decoding=\"async\" src=\"https:\/\/marketing.ventacibao.com\/wp-content\/uploads\/2024\/04\/Visitas-1000h-x300.png\" alt=\"Visitas 1000h x300\" itemprop=\"image\" height=\"300\" width=\"300\" title=\"Visitas 1000h x300\" onerror=\"this.style.display='none'\"  \/>\n\t\t\t\t<\/a>\n\t\t\t\t<a href=\"https:\/\/marketing.ventacibao.com\/index.php\/product\/2000-visitas-para-tu-canal\/\" target=\"_blank\" rel=\"noopener\" itemprop=\"url\">\n\t\t\t\t<img loading=\"lazy\" decoding=\"async\" src=\"https:\/\/marketing.ventacibao.com\/wp-content\/uploads\/2024\/04\/Visitas-2000h-x300.png\" alt=\"Visitas 2000h x300\" itemprop=\"image\" height=\"300\" width=\"300\" title=\"Visitas 2000h x300\" onerror=\"this.style.display='none'\"  \/>\n\t\t\t\t<\/a>\n\t\t\t\t<a href=\"https:\/\/marketing.ventacibao.com\/index.php\/product\/50-comentarios-para-tu-canal-con-este-plan-de-marketing-enfocado\/\" target=\"_blank\" rel=\"noopener\" itemprop=\"url\">\n\t\t\t\t<img loading=\"lazy\" decoding=\"async\" src=\"https:\/\/marketing.ventacibao.com\/wp-content\/uploads\/2024\/04\/50-comentarios.png\" alt=\"50 comentarios\" itemprop=\"image\" height=\"300\" width=\"300\" title=\"50 comentarios\" onerror=\"this.style.display='none'\"  \/>\n\t\t\t\t<\/a>\n\t\t\t\t<a href=\"https:\/\/marketing.ventacibao.com\/index.php\/product\/100-comentarios-para-tu-canal-con-este-plan-de-marketing-enfocado\/\" target=\"_blank\" rel=\"noopener\" itemprop=\"url\">\n\t\t\t\t<img loading=\"lazy\" decoding=\"async\" src=\"https:\/\/marketing.ventacibao.com\/wp-content\/uploads\/2024\/04\/100-comentarios.png\" alt=\"100 comentarios\" itemprop=\"image\" height=\"300\" width=\"300\" title=\"100 comentarios\" onerror=\"this.style.display='none'\"  \/>\n\t\t\t\t<\/a>\n\t\t\t\t<a href=\"https:\/\/marketing.ventacibao.com\/index.php\/product\/200-comentarios-para-tu-canal-con-este-plan-de-marketing-enfocado\/\" target=\"_blank\" rel=\"noopener\" itemprop=\"url\">\n\t\t\t\t<img loading=\"lazy\" decoding=\"async\" src=\"https:\/\/marketing.ventacibao.com\/wp-content\/uploads\/2024\/04\/200-comentarios.png\" alt=\"200 comentarios\" itemprop=\"image\" height=\"300\" width=\"300\" title=\"200 comentarios\" onerror=\"this.style.display='none'\"  \/>\n\t\t\t\t<\/a>\n<h2>\n\t\tServicios \n\t<\/h2>\n\t<p><strong>&#8220;Potencia tu presencia en redes sociales. Descubre c\u00f3mo aumentar tus seguidores y obtener likes de manera efectiva en plataformas como Instagram, YouTube, TikTok y m\u00e1s.<\/strong><\/p>\n<p><strong>Selecciona tu red social favorita y comienza a crecer de manera aut\u00e9ntica y sostenible.<\/strong><\/p>\n<p><strong>Somos tu mejor opci\u00f3n para impulsar tus redes sociales de forma segura y confiable. \u00a1Opta por estrategias de marketing social efectivas y construye una presencia online s\u00f3lida y genuina!<\/strong><\/p>\n\t\t\t<a href=\"#team\" target=\"_self\" role=\"button\" rel=\"noopener\">\n\t\t\t\t\t\t\tConocer al equipo\n\t\t\t\t\t<\/a>\n\t<p>&nbsp;<\/p>\n<p><strong>\u00bfPor qu\u00e9 elegirnos?<\/strong><\/p>\n<p><strong>En Marketing.VentaCibao.com, no solo ofrecemos servicios; ofrecemos soluciones personalizadas dise\u00f1adas para cumplir tus objetivos espec\u00edficos. Nos sumergimos en la esencia de tu marca, comprendemos tu audiencia y creamos estrategias que resonan autenticidad. Trabajamos incansablemente para garantizar que cada publicaci\u00f3n, campa\u00f1a o interacci\u00f3n en las redes sociales refleje la esencia \u00fanica de tu negocio.<\/strong><\/p>\n<p><strong>Nuestro Compromiso<\/strong><\/p>\n<p><strong>Nuestro compromiso no se detiene en la creaci\u00f3n de estrategias, sino que tambi\u00e9n nos aseguramos de estar a la vanguardia de las \u00faltimas tendencias y cambios en las plataformas de redes sociales. Mantenemos nuestras habilidades actualizadas para ofrecerte siempre las mejores pr\u00e1cticas y oportunidades emergentes.<\/strong><\/p>\n<p><strong>En Marketing.VentaCibao.com, creemos en tu \u00e9xito. \u00danete a nosotros mientras exploramos juntos las posibilidades ilimitadas que el marketing en redes sociales puede ofrecer.<\/strong><\/p>\n<p><strong>\u00a1Gracias por confiar en nosotros para potenciar tu presencia en l\u00ednea!<\/strong><\/p>\n<strong>Equipo de Marketing<\/strong><br \/>\n<strong>Marketing.VentaCibao.com<\/strong>\n\t<p><strong>La geolocalizaci\u00f3n de datos en tiempo real se refiere a la capacidad de rastrear y analizar la ubicaci\u00f3n geogr\u00e1fica de los usuarios de redes sociales en tiempo real. Con el uso cada vez mayor de tel\u00e9fonos inteligentes y dispositivos con GPS, las plataformas de redes sociales pueden acceder a estos datos y proporcionar informaci\u00f3n valiosa a las empresas.<\/strong><\/p>\n\t\t\t\t<a href=\"https:\/\/marketing.ventacibao.com\/index.php\/juansabelotodo-tu-anfitrion\/\" target=\"_self\" itemprop=\"url\" rel=\"noopener\">\n\t\t\t\t<img loading=\"lazy\" decoding=\"async\" src=\"https:\/\/marketing.ventacibao.com\/wp-content\/uploads\/2024\/02\/PNG-21.png\" alt=\"PNG-21\" itemprop=\"image\" height=\"1200\" width=\"1200\" title=\"PNG-21\" onerror=\"this.style.display='none'\"  \/>\n\t\t\t\t<\/a>\n<h3><a href=\"https:\/\/marketing.ventacibao.com\/index.php\/juansabelotodo-tu-anfitrion\/\" target=\"_self\" rel=\"noopener\"><strong>JuanSabeloTodo<\/strong><\/a><\/h3>\t\t\n\t\t\t<h2><strong>Relaciones p\u00fablicas \/ Redes Sociales<\/strong><\/h2>\n<p>\u00a1Alto all\u00ed! Todos ustedes quiz\u00e1s me conozcan como el presentador del canal de YouTube JuanSabeloTodo o JohnKnowsItALL. Pero tambi\u00e9n soy la cara detr\u00e1s de muchas otras redes sociales. He sido elegido por el CEO de Marketing.VentaCibao.com, Angelo Vasquez, para ser el rostro del Departamento de Redes Sociales. \u00a1Entonces! Aqu\u00ed estoy.<\/p>\n<p>No me pagan de la forma tradicional por el servicio que presto. Pero en lugar de eso, obtengo descuentos que puedo ofrecer a mis seguidores que necesitan un poco de ayuda, amor y cuidado. De esta manera puedo ayudar a mi gente a tener \u00e9xito en sus plataformas de redes sociales. Este es mi pago la satisfacci\u00f3n de servir a los dem\u00e1s.<\/p>\n<a href=\"https:\/\/marketing.ventacibao.com\/index.php\/juansabelotodo-tu-anfitrion\/\" target=\"_self\" rel=\"noopener\">Read More<\/a>\t\t\n\t\t\t\t<img decoding=\"async\" src=\"http:\/\/marketing.ventacibao.com\/wp-content\/uploads\/2024\/02\/Angelo-clear.png\" alt=\"Angelo-clear\" itemprop=\"image\" title=\"Angelo-clear\" onerror=\"this.style.display='none'\"  \/>\n<h2><strong>Angelo Vasquez<\/strong><\/h2>\t\t\n\t\t\t<h4>CEO<\/h4>\n<p>Angelo Vasquez ha estado en la industria de la tecnolog\u00eda y las redes sociales durante m\u00e1s de 18 a\u00f1os como profesional y ya ten\u00eda 3 a\u00f1os cuando su padre comenz\u00f3 a entrenarlo. Hola, \u00a1esta es mi promesa para ti! Le conseguir\u00e9 tr\u00e1fico de todo tipo en cuesti\u00f3n de un par de d\u00edas en el 98% de los pedidos. El otro 2% tarda un poco m\u00e1s por la naturaleza del servicio, pero no te preocupes aquellos servicios que tardan m\u00e1s te lo indicar\u00e1n en el apartado de descripci\u00f3n de ese producto en concreto. \u00bfEst\u00e1s listo para marcar la diferencia con tu contenido? Nuestro Servicio est\u00e1 100% garantizado<\/p>\n\t\t\t\t<img decoding=\"async\" src=\"http:\/\/marketing.ventacibao.com\/wp-content\/uploads\/2024\/02\/Sugeli.png\" alt=\"Sugeli\" itemprop=\"image\" title=\"Sugeli\" onerror=\"this.style.display='none'\"  \/>\n<h3><strong>Sugeli Reyes<\/strong><\/h3>\t\t\n\t\t\t<h4><strong>L\u00edder de servicio al cliente<\/strong><\/h4>\n<p>Me complace presentar a Sugeli Reyes, una mujer de incuestionable dedicaci\u00f3n y esfuerzo, cualidades que la posicionan como la elecci\u00f3n ideal para liderar nuestro Departamento de Servicio. Su compromiso asegura que cada uno de nuestros clientes reciba un servicio de calidad excepcional. Junto a su equipo, demuestran puntualidad y eficiencia en cada tarea, como un reloj suizo.<\/p>\n<p>Extendemos una cordial invitaci\u00f3n a que nos brinde la oportunidad de servirle, incluso si es a trav\u00e9s de alguno de nuestros servicios con tarifas sumamente competitivas. En esta oferta, la inversi\u00f3n es m\u00ednima, y los beneficios son significativos. No solo se trata de unos pocos d\u00f3lares, sino de la posibilidad de perder una oportunidad valiosa. La p\u00e9rdida de esta ocasi\u00f3n podr\u00eda traducirse en oportunidades m\u00e1s valiosas y experiencias inigualables.<\/p>\n<p>No espere m\u00e1s para aprovechar lo que tenemos para ofrecer. Estamos seguros de que, al elegirnos, experimentar\u00e1 un servicio excepcional que superar\u00e1 sus expectativas.<\/p>\n<p>\u00bfA qu\u00e9 est\u00e1 esperando? Le animamos a que d\u00e9 el paso y conf\u00ede en nosotros.<\/p>\n<p>Atentamente, Angelo Vasquez\u00a0 CEO Marketing.VentaCibao.com<\/p>\n\t<meta name=\"google-site-verification\" content=\"VkLIY1pC_Fp6rijNZlEkceZjOBjFfIyyeL5hxfnNaiM\" \/>\n<h4>\n\t\tTop of page\n\t<\/h4>\n\n","protected":false},"excerpt":{"rendered":"<p>Marketing.Ventacibao.com Estrategias Impactantes de Marketing en Redes Sociales Por favor, toma en cuenta que todos nuestros pedidos son procesados manualmente dentro de nuestro horario de atenci\u00f3n, el cual es de 12:00 a 18:00 (GMT-4) horas, de lunes a viernes. Agradecemos sinceramente tu comprensi\u00f3n y colaboraci\u00f3n. \u00a1Muchas gracias! Servicios &#8220;Potencia tu presencia en redes sociales. Descubre [&hellip;]<\/p>\n","protected":false},"author":1,"featured_media":0,"parent":0,"menu_order":0,"comment_status":"closed","ping_status":"closed","template":"template-fullwidth.php","meta":{"om_disable_all_campaigns":false,"_mi_skip_tracking":false,"footnotes":""},"aioseo_notices":[],"_links":{"self":[{"href":"https:\/\/marketing.ventacibao.com\/index.php\/wp-json\/wp\/v2\/pages\/30"}],"collection":[{"href":"https:\/\/marketing.ventacibao.com\/index.php\/wp-json\/wp\/v2\/pages"}],"about":[{"href":"https:\/\/marketing.ventacibao.com\/index.php\/wp-json\/wp\/v2\/types\/page"}],"author":[{"embeddable":true,"href":"https:\/\/marketing.ventacibao.com\/index.php\/wp-json\/wp\/v2\/users\/1"}],"replies":[{"embeddable":true,"href":"https:\/\/marketing.ventacibao.com\/index.php\/wp-json\/wp\/v2\/comments?post=30"}],"version-history":[{"count":27,"href":"https:\/\/marketing.ventacibao.com\/index.php\/wp-json\/wp\/v2\/pages\/30\/revisions"}],"predecessor-version":[{"id":830,"href":"https:\/\/marketing.ventacibao.com\/index.php\/wp-json\/wp\/v2\/pages\/30\/revisions\/830"}],"wp:attachment":[{"href":"https:\/\/marketing.ventacibao.com\/index.php\/wp-json\/wp\/v2\/media?parent=30"}],"curies":[{"name":"wp","href":"https:\/\/api.w.org\/{rel}","templated":true}]}}