{"id":213,"date":"2024-02-15T16:10:51","date_gmt":"2024-02-15T20:10:51","guid":{"rendered":"https:\/\/marketing.ventacibao.com\/index.php\/affiliate-area\/"},"modified":"2024-02-15T17:35:34","modified_gmt":"2024-02-15T21:35:34","slug":"affiliate-area","status":"publish","type":"page","link":"https:\/\/marketing.ventacibao.com\/index.php\/affiliate-area\/","title":{"rendered":"Area\u00c1rea de afiliados"},"content":{"rendered":"\n\n\t\t<form id=\"affwp-register-form\" class=\"affwp-form\" action=\"\" method=\"post\">\n\n\t\t\t\n\t\t\t<fieldset>\n\t\t\t\t<legend>Registre una nueva cuenta de afiliado<\/legend>\n\n\t\t\t\t\n\t\t\t\t\n\n\t\t<p>\n\t\t\t<label for=\"affwp-user-name\" class=\"affwp-field-label\">Su nombre completo (Obligatorio)<\/label>\n\t\t\t<input\n\t\t\t\ttype=\"text\"\n\t\t\t\tid=\"affwp-user-name\"\n\t\t\t\tname=\"affwp_user_name\"\n\t\t\t\ttitle=\"Su nombre completo (Obligatorio)\"\n\t\t\t\tvalue=\"\"\n\t\t\t\tplaceholder=\"\"\n\t\t\t\t\t\t\t\t\t\t\t\t class=\"affwp-field affwp-field-name\"\t\t\t\/>\n\t\t<\/p>\n\n\t\t\n\n\n\t\t<p>\n\t\t\t<label for=\"affwp-user-login\" class=\"affwp-field-label\">Nombre de usuario (obligatorio) <span class=\"required\">(required)<\/span><\/label>\n\t\t\t<input\n\t\t\t\ttype=\"text\"\n\t\t\t\tid=\"affwp-user-login\"\n\t\t\t\tname=\"affwp_user_login\"\n\t\t\t\ttitle=\"Nombre de usuario (obligatorio)\"\n\t\t\t\tvalue=\"\"\n\t\t\t\tplaceholder=\"\"\n\t\t\t\trequired\t\t\t\t\t\t\t\t class=\"affwp-field affwp-field-name\"\t\t\t\/>\n\t\t<\/p>\n\n\t\t\n\n\t\t<p>\n\t\t\t<label for=\"affwp-user-email\" class=\"affwp-field-label\">Correo electr\u00f3nico de la cuenta (obligatorio) <span class=\"required\">(required)<\/span><\/label>\n\t\t\t<input\n\t\t\t\ttype=\"email\"\n\t\t\t\tid=\"affwp-user-email\"\n\t\t\t\tname=\"affwp_user_email\"\n\t\t\t\tplaceholder=\"\"\n\t\t\t\ttitle=\"Correo electr\u00f3nico de la cuenta (obligatorio)\"\n\t\t\t\tvalue=\"\"\n\t\t\t\t class=\"affwp-field affwp-field-email\"\t\t\t\t1\t\t\t\t\t\t\t\/>\n\t\t<\/p>\n\n\t\t\n\n\t\t<p>\n\t\t\t<label for=\"affwp-payment-email\" class=\"affwp-field-label\">Correo electr\u00f3nico de pago<\/label>\n\t\t\t<input\n\t\t\t\ttype=\"email\"\n\t\t\t\tid=\"affwp-payment-email\"\n\t\t\t\tname=\"affwp_payment_email\"\n\t\t\t\tplaceholder=\"\"\n\t\t\t\ttitle=\"Correo electr\u00f3nico de pago\"\n\t\t\t\tvalue=\"\"\n\t\t\t\t class=\"affwp-field affwp-field-email\"\t\t\t\t\t\t\t\t\t\t\t\/>\n\t\t<\/p>\n\n\t\t\n\n\n\t\t<p>\n\t\t\t<label for=\"affwp-user-url\" class=\"affwp-field-label\">URL de tu sitio web \/ P\u00e1gina Web<\/label>\n\t\t\t<input\n\t\t\t\ttype=\"url\"\n\t\t\t\tid=\"affwp-user-url\"\n\t\t\t\tvalue=\"\"\n\t\t\t\tname=\"affwp_user_url\"\n\t\t\t\ttitle=\"URL de tu sitio web \/ P\u00e1gina Web\"\n\t\t\t\tplaceholder=\"\"\n\t\t\t\t class=\"affwp-field affwp-field-website\"\t\t\t\t\t\t\t\/>\n\t\t<\/p>\n\n\t\t\n\n\n\t\t<p>\n\t\t\t<label for=\"affwp-promotion-method\" class=\"affwp-field-label\">\u00bfA continuaci\u00f3n escribe c\u00f3mo nos promocionar\u00e1s? Tambi\u00e9n por favor incluya todas tus redes sociales.? <span class=\"required\">(required)<\/span><\/label>\t\t\t<textarea\n\t\t\t\tname=\"affwp_promotion_method\"\n\t\t\t\tid=\"affwp-promotion-method\"\n\t\t\t\trows=\"5\"\n\t\t\t\ttitle=\"\u00bfA continuaci\u00f3n escribe c\u00f3mo nos promocionar\u00e1s? Tambi\u00e9n por favor incluya todas tus redes sociales.?\"\n\t\t\t\tplaceholder=\"\"\n\t\t\t\trequired\t\t\t\t class=\"affwp-field affwp-field-textarea\"\t\t\t\t><\/textarea>\n\t\t<\/p>\n\n\t\t\n\n\n\t\t\n\t\t\t\t\t<div class=\"g-recaptcha\" data-sitekey=\"6Lewq3opAAAAADRZ-jOQifgETqZBXxXvNc4yWT9d\"><\/div>\n\t\t\n\t\t<input type=\"hidden\" name=\"g-recaptcha-remoteip\" value=\"216.73.216.224\" \/>\n\n\t\t\n\t\t\n\t\t<input type=\"hidden\" name=\"affwp_honeypot\" value=\"\"\/>\n\t\t<input type=\"hidden\" name=\"affwp_redirect\" value=\"\"\/>\n\t\t<input type=\"hidden\" name=\"affwp_register_nonce\" value=\"326e27a07a\"\/>\n\t\t<input type=\"hidden\" name=\"affwp_action\" value=\"affiliate_register\"\/>\n\t\t\t\t\t<input type=\"hidden\" name=\"affwp_post_id\" value=\"213\"\/>\n\t\t\t<input type=\"hidden\" name=\"affwp_block_hash\" value=\"1241772845\">\n\t\t\n\t\t\t\t\t<input  class=\"button\" type=\"submit\" value=\"Registrarse\" \/>\n\t\t\n\t\t\n\t\t\n\n\t\t\t\t\t\t\t<\/fieldset>\n\n\t\t\t\n\t\t<\/form>\n\t\t\n\n\n\t\t<form id=\"affwp-login-form\" class=\"affwp-form\" action=\"\" method=\"post\">\n\t\t\t\n\t\t\t<fieldset>\n\t\t\t\t<legend>Ingrese a su cuenta<\/legend>\n\n\t\t\t\t\n\t\t\t\t<p>\n\t\t\t\t\t<label for=\"affwp-login-user-login\">Nombre de usuario<\/label>\n\t\t\t\t\t<input\n\t\t\t\t\t\tid=\"affwp-login-user-login\"\n\t\t\t\t\t\tclass=\"required\"\n\t\t\t\t\t\ttype=\"text\"\n\t\t\t\t\t\tname=\"affwp_user_login\"\n\t\t\t\t\t\ttitle=\"Nombre de usuario\"\n\t\t\t\t\t\tplaceholder=\"\"\n\t\t\t\t\t\/>\n\t\t\t\t<\/p>\n\n\t\t\t\t<p>\n\t\t\t\t\t<label for=\"affwp-login-user-pass\">Contrase\u00f1a<\/label>\n\t\t\t\t\t<input\n\t\t\t\t\t\tid=\"affwp-login-user-pass\"\n\t\t\t\t\t\tclass=\"password required\"\n\t\t\t\t\t\ttype=\"password\"\n\t\t\t\t\t\tname=\"affwp_user_pass\"\n\t\t\t\t\t\ttitle=\"Contrase\u00f1a\"\n\t\t\t\t\t\tplaceholder=\"\"\n\t\t\t\t\t\/>\n\t\t\t\t<\/p>\n\n\t\t\t\t<p>\n\t\t\t\t\t<label class=\"affwp-user-remember\" for=\"affwp-user-remember\">\n\t\t\t\t\t\t<input\n\t\t\t\t\t\t\tid=\"affwp-user-remember\"\n\t\t\t\t\t\t\ttype=\"checkbox\"\n\t\t\t\t\t\t\tname=\"affwp_user_remember\"\n\t\t\t\t\t\t\tvalue=\"1\"\n\t\t\t\t\t\t\/> Remember Me\t\t\t\t\t<\/label>\n\t\t\t\t<\/p>\n\n\t\t\t\t<p>\n\t\t\t\t\t\t\t\t\t\t<input type=\"hidden\" name=\"affwp_login_nonce\" value=\"782309b1b8\"\/>\n\t\t\t\t\t<input type=\"hidden\" name=\"affwp_action\" value=\"user_login\"\/>\n\t\t\t\t\t<input type=\"submit\" class=\"button\" value=\"Log In\"\/>\n\t\t\t\t<\/p>\n\n\t\t\t\t<p class=\"affwp-lost-password\">\n\t\t\t\t\t<a href=\"https:\/\/marketing.ventacibao.com\/index.php\/mi-cuenta\/lost-password\/\">Lost your password?<\/a>\n\t\t\t\t<\/p>\n\n\t\t\t\t\t\t\t<\/fieldset>\n\n\t\t\t\t\t<\/form>\n\n\t\t\n","protected":false},"excerpt":{"rendered":"","protected":false},"author":1,"featured_media":226,"parent":0,"menu_order":0,"comment_status":"closed","ping_status":"closed","template":"template-fullwidth.php","meta":{"om_disable_all_campaigns":false,"_mi_skip_tracking":false,"footnotes":""},"aioseo_notices":[],"_links":{"self":[{"href":"https:\/\/marketing.ventacibao.com\/index.php\/wp-json\/wp\/v2\/pages\/213"}],"collection":[{"href":"https:\/\/marketing.ventacibao.com\/index.php\/wp-json\/wp\/v2\/pages"}],"about":[{"href":"https:\/\/marketing.ventacibao.com\/index.php\/wp-json\/wp\/v2\/types\/page"}],"author":[{"embeddable":true,"href":"https:\/\/marketing.ventacibao.com\/index.php\/wp-json\/wp\/v2\/users\/1"}],"replies":[{"embeddable":true,"href":"https:\/\/marketing.ventacibao.com\/index.php\/wp-json\/wp\/v2\/comments?post=213"}],"version-history":[{"count":13,"href":"https:\/\/marketing.ventacibao.com\/index.php\/wp-json\/wp\/v2\/pages\/213\/revisions"}],"predecessor-version":[{"id":232,"href":"https:\/\/marketing.ventacibao.com\/index.php\/wp-json\/wp\/v2\/pages\/213\/revisions\/232"}],"wp:featuredmedia":[{"embeddable":true,"href":"https:\/\/marketing.ventacibao.com\/index.php\/wp-json\/wp\/v2\/media\/226"}],"wp:attachment":[{"href":"https:\/\/marketing.ventacibao.com\/index.php\/wp-json\/wp\/v2\/media?parent=213"}],"curies":[{"name":"wp","href":"https:\/\/api.w.org\/{rel}","templated":true}]}}